{"id":1951,"date":"2017-01-24T16:26:58","date_gmt":"2017-01-24T15:26:58","guid":{"rendered":"http:\/\/192.168.1.253\/oracion\/?page_id=1951"},"modified":"2019-01-21T18:56:06","modified_gmt":"2019-01-21T17:56:06","slug":"lunes-martes","status":"publish","type":"page","link":"https:\/\/oracion.netytec.com\/?page_id=1951","title":{"rendered":"Getseman\u00ed"},"content":{"rendered":"<p>&nbsp;<\/p>\n<p align=\"CENTER\"><img loading=\"lazy\" decoding=\"async\" class=\"alignnone size-medium wp-image-2826\" src=\"https:\/\/oracion.netytec.com\/wp-content\/uploads\/2017\/01\/g1-300x300.png\" alt=\"g1\" width=\"300\" height=\"300\" srcset=\"https:\/\/oracion.netytec.com\/wp-content\/uploads\/2017\/01\/g1-300x300.png 300w, https:\/\/oracion.netytec.com\/wp-content\/uploads\/2017\/01\/g1-150x150.png 150w, https:\/\/oracion.netytec.com\/wp-content\/uploads\/2017\/01\/g1.png 480w\" sizes=\"(max-width: 300px) 100vw, 300px\" \/><\/p>\n<p class=\"Trojo\">\u00bfEst\u00e1 enfermo alguno de vosotros?<br \/>\n\u00a1Orad al Se\u00f1or!<\/p>\n<ul class=\"lista\">\n<li>Llame a los presb\u00edteros de la Iglesia, para que oren por \u00e9l y lo unjan con \u00d3leo Santo en el nombre del Se\u00f1or. La oraci\u00f3n que nace de la fe salvar\u00e1 al enfermo, el Se\u00f1or lo aliviar\u00e1, y si tuviera pecados, le ser\u00e1n perdonados. (St 5,13-15)<\/li>\n<li>Hijo m\u00edo, no te impacientes con un enfermo, sino ruega al Se\u00f1or para que le sane. (Eclo. 38,9)<\/li>\n<li>Dichoso el que cuida del d\u00e9bil, del pobre y del enfermo, nuestro Dios lo tendr\u00e1 en cuenta (Sal 40.)<\/li>\n<li>El enfermo necesita adem\u00e1s de ser ungido con el \u00f3leo santo que la iglesia rece por \u00e9l.<\/li>\n<\/ul>\n<h3>Orar por los Enfermos<br \/>\nest\u00e1 al alcance de tu coraz\u00f3n<\/h3>\n<p><img loading=\"lazy\" decoding=\"async\" class=\"aligncenter size-full wp-image-1987\" src=\"https:\/\/oracion.netytec.com\/wp-content\/uploads\/2017\/01\/Getsemani-2.jpg\" alt=\"Getsemani-2\" width=\"300\" height=\"360\" srcset=\"https:\/\/oracion.netytec.com\/wp-content\/uploads\/2017\/01\/Getsemani-2.jpg 300w, https:\/\/oracion.netytec.com\/wp-content\/uploads\/2017\/01\/Getsemani-2-250x300.jpg 250w\" sizes=\"(max-width: 300px) 100vw, 300px\" \/><\/p>\n<h3>Te presentamos Se\u00f1or,<br \/>\na todos los enfermos<\/h3>\n<p style=\"text-align: center;\">V\/ Dios m\u00edo, ven en mi auxilio<br \/>\nR\/ Se\u00f1or, date prisa en socorrerme.<br \/>\nGloria al padre, al hijo al Esp\u00edritu Santo\u2026<\/p>\n<p style=\"text-align: center;\">\u00a1Se\u00f1or!, te encomendamos a los enfermos del mundo entero, y a cuantos enfermos an\u00f3nimos est\u00e1n sufriendo hoy, y muy especialmente a los enfermos de [nuestro hospital, de mi familia\u2026]\n\u00a1Acomp\u00e1\u00f1ales en su camino!<br \/>\n\u00a1Acoge su dolor!<br \/>\n\u00a1Escucha sus s\u00faplicas!<br \/>\n\u00a1Mitiga sus dolores, su angustia y su cansancio!<br \/>\n\u00a1Inf\u00fandeles aliento en su esperanza!<br \/>\n\u00a1Conf\u00f3rtalos en la prueba!<br \/>\n\u00a1Aviva su confianza en Dios, nuestro Padre!<br \/>\n\u201c\u00a1Hazles sentirse queridos por los suyos, pues ser\u00e1 su mejor medicina!\u201d<br \/>\n\u00a1Alegra sus corazones!<br \/>\n\u00a1Llena sus vidas de amor!<br \/>\n\u00a1Desc\u00fabreles el valor salvador de su sufrimiento!<br \/>\n\u00a1Hazles evangelizadores de los sanos, y<br \/>\nlos grandes bienhechores de la humanidad!<br \/>\n\u00a1Dales tu paz y tu salvaci\u00f3n!<br \/>\n<strong>\u00a1Bend\u00edcelos Se\u00f1or!<\/strong><br \/>\n<strong> Am\u00e9n.<\/strong><\/p>\n<h3>Salmodia<\/h3>\n<h4 style=\"text-align: center;\">Salmo 6<\/h4>\n<p style=\"text-align: center;\"><strong>Ant\u00edfona \u00a1Se\u00f1or, escucha mi s\u00faplica!<\/strong><br \/>\nSe\u00f1or, ten piedad de m\u00ed,<br \/>\nporque me faltan las fuerzas.<br \/>\nS\u00e1name, porque mis huesos se estremecen.<br \/>\nM\u00edrame, \u00f3yeme, Se\u00f1or, rescata mi vida.<br \/>\nS\u00e1lvame por tu misericordia,<br \/>\nporque en la muerte nadie se acuerda de ti.<br \/>\nSe\u00f1or, escucha mi s\u00faplica.<br \/>\nSe\u00f1or, acepta mi plegaria.<br \/>\nSe\u00f1or, en ti busco mi descanso.<br \/>\nSe\u00f1or, en ti encuentro mi sosiego.<br \/>\n<strong>Ant\u00edfona \u00a1Se\u00f1or, escucha mi s\u00faplica!<\/strong><\/p>\n<h4 style=\"text-align: center;\">Salmo 31<\/h4>\n<p style=\"text-align: center;\"><strong>Ant\u00edfona \u00a1Pongo mi vida y mi enfermedad en tus manos, Se\u00f1or!<\/strong><br \/>\nYo me refugio en ti, Se\u00f1or,<br \/>\ninclina tu o\u00eddo hacia m\u00ed<br \/>\ny ven pronto a socorrerme.<br \/>\nS\u00e9 para m\u00ed una roca protectora,<br \/>\nun baluarte donde me encuentre a salvo,<br \/>\nporque t\u00fa eres mi Roca y mi baluarte:<br \/>\npor tu nombre, gu\u00edame y cond\u00faceme.<br \/>\nSe\u00f1or \u00a1T\u00fa eres mi refugio!<br \/>\nYo pongo mi vida y mi enfermedad en tus manos:<br \/>\nt\u00fa me rescatar\u00e1s, Se\u00f1or, Dios fiel.<br \/>\nYo conf\u00edo en ti, Se\u00f1or.<br \/>\n\u00a1Tu amor ser\u00e1 mi gozo y mi alegr\u00eda!<br \/>\nCuando t\u00fa viste mi aflicci\u00f3n<br \/>\ny supiste que mi vida peligraba,<br \/>\nno me entregaste al poder de la enfermedad<br \/>\nsino que me acogiste con tu amor.<br \/>\nTen piedad de m\u00ed, Se\u00f1or,<br \/>\nporque estoy angustiado:<br \/>\ny te digo:<br \/>\n\u00abT\u00fa eres mi Dios, mi destino est\u00e1 en tus manos\u00bb.<br \/>\nL\u00edbrame del poder de mi enfermedad.<br \/>\nQue brille tu rostro sobre tu servidor,<br \/>\ns\u00e1lvame por tu misericordia.<br \/>\n\u00a1Qu\u00e9 grande es tu bondad, Se\u00f1or!<br \/>\nT\u00fa la reservas para tus fieles;<br \/>\ny la brindas a los que se refugian en ti,<br \/>\nen la presencia de todos.<br \/>\n\u00a1Bendito sea el Se\u00f1or!<br \/>\nEl me mostr\u00f3 las maravillas de su amor<br \/>\nen el momento del peligro.<br \/>\nT\u00fa escuchaste la voz de mi s\u00faplica, cuando yo te invocaba.<br \/>\nAmen al Se\u00f1or, todos sus fieles,<br \/>\nsean fuertes y valerosos, todos los que esperan en el Se\u00f1or.<br \/>\n<strong>Ant\u00edfona Yo pongo mi vida y mi enfermedad en tus manos, Se\u00f1or<\/strong><\/p>\n<h4 style=\"text-align: center;\">Salmo 88<\/h4>\n<p style=\"text-align: center;\">Ant\u00edfona <strong> \u00a1Yo te invoco, Se\u00f1or, todo el d\u00eda!<\/strong><br \/>\n\u00a1Se\u00f1or, mi Dios y mi salvador,<br \/>\nd\u00eda y noche estoy clamando ante ti:<br \/>\nque mi plegaria llegue a tu presencia;<br \/>\ninclina tu o\u00eddo a mi clamor!<br \/>\nPorque esta enfermedad es muy larga.<br \/>\nSiento que mi vida est\u00e1 al borde de su fin,<br \/>\ny soy como un hombre sin fuerzas.<br \/>\nYo te invoco, Se\u00f1or, todo el d\u00eda,<br \/>\ncon las manos tendidas hacia ti.<br \/>\nInvoco tu ayuda, Se\u00f1or;<br \/>\ndesde temprano te llega mi plegaria.<br \/>\nEstoy afligido y enfermo<br \/>\nextenuado bajo el peso de mi enfermedad<br \/>\ny pienso que tus enojos pasaron sobre m\u00ed.<br \/>\nSe\u00f1or haz brillar tu rostro sobre mi.<br \/>\nAnt\u00edfona \u00a1Yo te invoco, Se\u00f1or, todo el d\u00eda!<\/p>\n<h3>C\u00e1ntico Cristol\u00f3gico<\/h3>\n<p style=\"text-align: center;\">Ef 1,3-10<\/p>\n<p style=\"text-align: center;\"><strong>Gracias sean dadas a Dios por Jesucristo<\/strong><br \/>\n<strong>Bendito sea Dios, Padre de nuestro Se\u00f1or Jesucristo.<\/strong><br \/>\n<strong> Ant\u00edfona \u00a1Anuncia al mundo la salvaci\u00f3n del Se\u00f1or!<\/strong><br \/>\nBendito sea Dios,<br \/>\nPadre de nuestro Se\u00f1or Jesucristo,<br \/>\nque nos ha bendecido en la persona de Cristo<br \/>\ncon toda clase de bienes espirituales y celestiales.<br \/>\n\u00c9l nos eligi\u00f3 en la persona de Cristo,<br \/>\nantes de crear el mundo,<br \/>\npara que fu\u00e9semos santos<br \/>\ne irreprochables ante \u00e9l por el amor<br \/>\n\u00c9l nos ha destinado en la persona de Cristo,<br \/>\npor pura iniciativa suya,<br \/>\na ser sus hijos,<br \/>\npara que la gloria de su gracia,<br \/>\nque tan generosamente nos ha concedido<br \/>\nen su querido Hijo,<br \/>\nredunde en alabanza suya.<br \/>\nPor este Hijo, por su sangre,<br \/>\nhemos recibido la redenci\u00f3n,<br \/>\nel perd\u00f3n de los pecados.<br \/>\nEl tesoro de su gracia, sabidur\u00eda y prudencia<br \/>\nha sido un derroche para con nosotros,<br \/>\nd\u00e1ndonos a conocer el misterio de su voluntad.<br \/>\nEste es el plan<br \/>\nque hab\u00eda proyectado realizar por Cristo<br \/>\ncuando llegase el momento culminante:<br \/>\nrecapitular en Cristo todas las cosas<br \/>\ndel cielo y de la tierra.<br \/>\n<strong>Ant\u00edfona \u00a1Anuncia al mundo la salvaci\u00f3n del Se\u00f1or!<\/strong><\/p>\n<h3>Lectura b\u00edblica<\/h3>\n<div class=\"oracionDia\">\n<p><strong>Del evangelio seg\u00fan san Juan 14, 4-6<\/strong><br \/>\nY adonde yo voy sab\u00e9is el camino. Le dice Tom\u00e1s: \u00abSe\u00f1or, no sabemos a d\u00f3nde vas, \u00bfc\u00f3mo podemos saber el camino?\u00bb Le dice Jes\u00fas: Yo soy el Camino, la Verdad y la Vida. Nadie va al Padre sino por m\u00ed.<br \/>\nR\/ Haz Se\u00f1or en nosotros, seg\u00fan nuestra fe.<\/p>\n<h3>Oraci\u00f3n de los fieles<\/h3>\n<p>Jesucristo nuestro Se\u00f1or, se hace presente en la vida del enfermo por el acontecimiento de su Pascua, que es nuestra espera, nuestra esperanza. -Oremos al Se\u00f1or para que sus enfermos encuentren en su iglesia, tu coraz\u00f3n que los acompa\u00f1a en la esperanza.<\/p>\n<p>R\/ Roguemos al Se\u00f1or<\/p>\n<\/div>\n<h3>Oraci\u00f3n con la Virgen Mar\u00eda a Modo de Conclusi\u00f3n<\/h3>\n<p style=\"text-align: center;\"><strong>A.<\/strong> Rezo del \u00c1ngelus si la oraci\u00f3n es al medio d\u00eda (en Pascua se sustituye por Regina Coeli)<br \/>\n<strong>B<\/strong>. Reg\u00edna coeli, laet\u00e1re<br \/>\n<strong>C.<\/strong> Mar\u00eda intercede por los enfermos si es por la tarde<\/p>\n<p style=\"text-align: center;\"><strong>\u00a0<\/strong><\/p>\n<p style=\"text-align: center;\"><img loading=\"lazy\" decoding=\"async\" class=\"alignnone size-medium wp-image-2996\" src=\"https:\/\/oracion.netytec.com\/wp-content\/uploads\/2017\/01\/g2-300x155.png\" alt=\"g2\" width=\"300\" height=\"155\" srcset=\"https:\/\/oracion.netytec.com\/wp-content\/uploads\/2017\/01\/g2-300x155.png 300w, https:\/\/oracion.netytec.com\/wp-content\/uploads\/2017\/01\/g2.png 613w\" sizes=\"(max-width: 300px) 100vw, 300px\" \/><\/p>\n<h2>Elige tu opci\u00f3n<\/h2>\n<div class=\"su-accordion su-u-trim\">\n<div class=\"su-spoiler su-spoiler-style-fancy su-spoiler-icon-plus su-spoiler-closed\" data-scroll-offset=\"0\" data-anchor-in-url=\"no\"><div class=\"su-spoiler-title\" tabindex=\"0\" role=\"button\"><span class=\"su-spoiler-icon\"><\/span>A. Oraci\u00f3n del \u00c1ngelus<\/div><div class=\"su-spoiler-content su-u-clearfix su-u-trim\">\n<h3 style=\"text-align: center;\">A. Oraci\u00f3n del \u00c1ngelus<\/h3>\n<p style=\"text-align: center;\"><strong>El \u00c1ngel del Se\u00f1or anuncio a Mar\u00eda<\/strong><br \/>\nY concibi\u00f3 por obra del Esp\u00edritu Santo.<br \/>\nDios te salve, Mar\u00eda&#8230;&#8230;<\/p>\n<p style=\"text-align: center;\"><strong>Aqu\u00ed est\u00e1 la esclava del Se\u00f1or;<\/strong><br \/>\nH\u00e1gase en mi seg\u00fan tu palabra.<br \/>\nDios te salve, Mar\u00eda \u2026&#8230;<\/p>\n<p style=\"text-align: center;\"><strong>Y el Hijo de Dios se hizo carne<\/strong><br \/>\nY habit\u00f3 entre nosotros.<br \/>\nDios te salve, Mar\u00eda &#8230;&#8230;<\/p>\n<p style=\"text-align: center;\">Ruega por nosotros Santa Madre de Dios.<br \/>\nPara que seamos dignos de las promesas de Cristo.<\/p>\n<p style=\"text-align: center;\"><strong>Oraci\u00f3n:<\/strong> Derrama, Se\u00f1or, tu gracia sobre nosotros, que, por el anuncio del \u00c1ngel, hemos conocido la encarnaci\u00f3n de tu Hijo, para que lleguemos, por su pasi\u00f3n y su cruz, y con la intercesi\u00f3n de la Virgen Mar\u00eda, a la gloria de la resurrecci\u00f3n. Por Jesucristo nuestro Se\u00f1or.<\/p>\n<\/div><\/div>\n<div class=\"su-spoiler su-spoiler-style-fancy su-spoiler-icon-plus su-spoiler-closed\" data-scroll-offset=\"0\" data-anchor-in-url=\"no\"><div class=\"su-spoiler-title\" tabindex=\"0\" role=\"button\"><span class=\"su-spoiler-icon\"><\/span><strong>B<\/strong>. Reg\u00edna coeli, laet\u00e1re<\/div><div class=\"su-spoiler-content su-u-clearfix su-u-trim\">\n<h3 style=\"text-align: center;\"><strong>B<\/strong>. Reg\u00edna coeli, laet\u00e1re<\/h3>\n<p style=\"text-align: center;\"><strong>Reg\u00edna coeli, laet\u00e1re.<\/strong> \/Allel\u00faya\/Quia quem meru\u00edsti port\u00e1re \/ Allel\u00faya\/ Resurr\u00e9xit, sicut dixit. Allel\u00faya\/ Ora pro nobis Deum.\/ Allel\u00faya.<br \/>\nV. Gaude et laet\u00e1re, Virgo Mar\u00eda. Allel\u00faya.<br \/>\nR. Quia surr\u00e9xit D\u00f3minus vere. Allel\u00faya.<br \/>\n&#8211;<br \/>\n<strong>Or\u00e9mus:<\/strong> Deus, qui per resurrecti\u00f3nem F\u00edlii tui D\u00f3mini nostri Jesu Christi mundum laetific\u00e1re dign\u00e1tus es: praesta qua\u00e9sumus ut per ejus Genitr\u00edcem V\u00edrginem Mar\u00edam perp\u00e9tuae capi\u00e1mus g\u00e1udia vitae.<br \/>\nPer e\u00famdem Christum D\u00f3minum nostrum. Amen.<\/p>\n<\/div><\/div>\n<div class=\"su-spoiler su-spoiler-style-fancy su-spoiler-icon-plus su-spoiler-closed\" data-scroll-offset=\"0\" data-anchor-in-url=\"no\"><div class=\"su-spoiler-title\" tabindex=\"0\" role=\"button\"><span class=\"su-spoiler-icon\"><\/span>C. Mar\u00eda intercede por los enfermos<\/div><div class=\"su-spoiler-content su-u-clearfix su-u-trim\">\n<h3 style=\"text-align: center;\">C. Mar\u00eda intercede por los enfermos<\/h3>\n<p style=\"text-align: center;\">\u00a1Oh Mar\u00eda! Sede de la Sabidur\u00eda, intercede, como Madre nuestra por todos los enfermos y los que se ocupan de ellos.<br \/>\nHaz que en el servicio al pr\u00f3jimo que sufre y a trav\u00e9s de la misma experiencia del dolor, podamos acoger y hacer crecer en nosotros la verdadera sabidur\u00eda del coraz\u00f3n.<br \/>\nMar\u00eda, Virgen Inmaculada,<br \/>\nMujer del dolor y de la esperanza,<br \/>\ns\u00e9 benigna con toda persona que sufre<br \/>\ny obt\u00e9n a cada uno la plenitud de vida.<br \/>\nMadre de la vida, Virgen Sant\u00edsima,<br \/>\nruega por nosotros.<\/p>\n<\/div><\/div>\n<\/div>\n<h3>Am\u00e9n<\/h3>\n<p style=\"text-align: center;\"><img loading=\"lazy\" decoding=\"async\" class=\"aligncenter size-full wp-image-2006\" src=\"https:\/\/oracion.netytec.com\/wp-content\/uploads\/2017\/01\/Getsemani-3.jpg\" alt=\"Getsemani-3\" width=\"300\" height=\"360\" srcset=\"https:\/\/oracion.netytec.com\/wp-content\/uploads\/2017\/01\/Getsemani-3.jpg 300w, https:\/\/oracion.netytec.com\/wp-content\/uploads\/2017\/01\/Getsemani-3-250x300.jpg 250w\" sizes=\"(max-width: 300px) 100vw, 300px\" \/><\/p>\n","protected":false},"excerpt":{"rendered":"<p>&nbsp; \u00bfEst\u00e1 enfermo alguno de vosotros? \u00a1Orad al Se\u00f1or! Llame a los presb\u00edteros de la Iglesia, para que oren por \u00e9l y lo unjan con \u00d3leo Santo en el nombre del Se\u00f1or. La oraci\u00f3n que nace de la fe salvar\u00e1&hellip; <\/p>\n","protected":false},"author":1,"featured_media":0,"parent":0,"menu_order":0,"comment_status":"closed","ping_status":"closed","template":"","meta":{"_monsterinsights_skip_tracking":false,"_monsterinsights_sitenote_active":false,"_monsterinsights_sitenote_note":"","_monsterinsights_sitenote_category":0,"footnotes":""},"class_list":["post-1951","page","type-page","status-publish","hentry"],"_links":{"self":[{"href":"https:\/\/oracion.netytec.com\/index.php?rest_route=\/wp\/v2\/pages\/1951"}],"collection":[{"href":"https:\/\/oracion.netytec.com\/index.php?rest_route=\/wp\/v2\/pages"}],"about":[{"href":"https:\/\/oracion.netytec.com\/index.php?rest_route=\/wp\/v2\/types\/page"}],"author":[{"embeddable":true,"href":"https:\/\/oracion.netytec.com\/index.php?rest_route=\/wp\/v2\/users\/1"}],"replies":[{"embeddable":true,"href":"https:\/\/oracion.netytec.com\/index.php?rest_route=%2Fwp%2Fv2%2Fcomments&post=1951"}],"version-history":[{"count":250,"href":"https:\/\/oracion.netytec.com\/index.php?rest_route=\/wp\/v2\/pages\/1951\/revisions"}],"predecessor-version":[{"id":4093,"href":"https:\/\/oracion.netytec.com\/index.php?rest_route=\/wp\/v2\/pages\/1951\/revisions\/4093"}],"wp:attachment":[{"href":"https:\/\/oracion.netytec.com\/index.php?rest_route=%2Fwp%2Fv2%2Fmedia&parent=1951"}],"curies":[{"name":"wp","href":"https:\/\/api.w.org\/{rel}","templated":true}]}}