{"id":2022,"date":"2017-02-08T12:25:36","date_gmt":"2017-02-08T11:25:36","guid":{"rendered":"http:\/\/oracion.netytec.com\/?page_id=2022"},"modified":"2018-10-15T12:11:13","modified_gmt":"2018-10-15T11:11:13","slug":"pascua","status":"publish","type":"page","link":"https:\/\/oracion.netytec.com\/?page_id=2022","title":{"rendered":"Pascua"},"content":{"rendered":"<p>&nbsp;<\/p>\n<p align=\"CENTER\"><img loading=\"lazy\" decoding=\"async\" class=\"alignnone size-medium wp-image-3001\" src=\"https:\/\/oracion.netytec.com\/wp-content\/uploads\/2017\/02\/p1-173x300.png\" alt=\"p1\" width=\"173\" height=\"300\" srcset=\"https:\/\/oracion.netytec.com\/wp-content\/uploads\/2017\/02\/p1-173x300.png 173w, https:\/\/oracion.netytec.com\/wp-content\/uploads\/2017\/02\/p1-768x1332.png 768w, https:\/\/oracion.netytec.com\/wp-content\/uploads\/2017\/02\/p1-590x1024.png 590w, https:\/\/oracion.netytec.com\/wp-content\/uploads\/2017\/02\/p1.png 800w\" sizes=\"(max-width: 173px) 100vw, 173px\" \/><\/p>\n<p class=\"Trojo\">\u00a1Estar\u00e1s conmigo en el Para\u00edso!\u201d<br \/>\nMt 25,34. Venid\u00a0vosotros,\u00a0benditos\u00a0de\u00a0mi\u00a0Padre\u037e<br \/>\nheredad el Reino\u00a0 preparado\u00a0 para a\u00a0 vosotros, desde la creaci\u00f3n del mundo.<br \/>\nLc 23,46 A tus manos Padre encomiendo mi esp\u00edritu.<br \/>\nJn 17,24 Padre este es mi deseo: que los que me confiaste est\u00e9n conmigo donde yo estoy y contemplen la gloria que me has dado<br \/>\nJn 6, 47 Te dice el Se\u00f1or, en verdad, en verdad te digo: el que cree, tiene vida eterna.<br \/>\nSan Juan Pablo II, Papa \u00a1Dejadme ir a la Casa del Padre!<\/p>\n<p><strong>V\/ Dios m\u00edo, ven en mi auxilio<\/strong><br \/>\n<strong> R\/ Se\u00f1or date prisa en socorrerme<\/strong><\/p>\n<p><strong>Ant\u00edfona<\/strong> [\u00fanica al principio y final de la salmodia]\n<strong>\u00a1Verdaderamente ha resucitado el Se\u00f1or, Aleluya!<\/strong><\/p>\n<h3>Himno<\/h3>\n<h4>Porque es tarde, Dios M\u00edo.<\/h4>\n<p style=\"text-align: center;\">Porque es tarde, Dios m\u00edo,<br \/>\nporque anochece ya y se nubla el camino,<br \/>\nporque llego al final de mi camino;<br \/>\nporque temo perder<br \/>\nlas huellas que he seguido,<br \/>\nno me dejes en mi soledad, Se\u00f1or<br \/>\ny qu\u00e9date conmigo.<br \/>\nPorque he sido rebelde<br \/>\ny he buscado el peligro,<br \/>\ny escudri\u00f1\u00e9 curioso<br \/>\nlas cumbres y el abismo,<br \/>\nperd\u00f3name, Se\u00f1or,<br \/>\ny qu\u00e9date conmigo.<br \/>\nPorque ardo en sed de ti<br \/>\ny en hambre de tu trigo,<br \/>\nven, perm\u00edteme sentarme en tu mesa,<br \/>\nd\u00e9jame estar contigo.<br \/>\n\u00a1Qu\u00e9 aprisa cae la tarde\u2026!<br \/>\n\u00a1ll\u00e9vame al fin, \u00a1Se\u00f1or! contigo! Am\u00e9n<\/p>\n<p style=\"text-align: center;\"><img loading=\"lazy\" decoding=\"async\" class=\"alignnone size-full wp-image-3002\" src=\"https:\/\/oracion.netytec.com\/wp-content\/uploads\/2017\/02\/p2.png\" alt=\"p2\" width=\"236\" height=\"94\" \/><\/p>\n<h3>A modo de Salmodia<\/h3>\n<h4>Contemplarte \u00a1Para Siempre!<\/h4>\n<p style=\"text-align: center;\">Oh Dios! T\u00fa eres mi Dios,<br \/>\nmi alma ya desea verte,<br \/>\ncontemplarte para siempre.<br \/>\nMi alma esta cansada por esta enfermedad;<br \/>\ncomo tierra reseca, agostada sin agua.<br \/>\nS\u00f3lo tu gracia vale m\u00e1s que la vida<br \/>\nque t\u00fa me has regalado;<br \/>\nmis labios desean alabarte siempre.<br \/>\nTu Pascua es mi auxilio y tu mirada me<br \/>\nsostiene.<\/p>\n<p style=\"text-align: center;\"><strong>Mi alma contar\u00e1 tu auxilio<\/strong><\/p>\n<p style=\"text-align: center;\">A ti, Se\u00f1or, me acojo, al atardecer de mi vida.<br \/>\nAcerca tu coraz\u00f3n a mi o\u00eddo,<br \/>\nl\u00edbrame de la pobreza de mi enfermedad, y<br \/>\np\u00f3nme a salvo cerca de ti, en tu gloria eterna.<br \/>\nEn ti, Se\u00f1or, me refugio,<br \/>\nporque mi seguridad est\u00e1 en ti.<br \/>\nMi boca y mi coraz\u00f3n desean alabarte cantando tu auxilio.<\/p>\n<h4>El Se\u00f1or est\u00e1 conmigo y me auxilia<\/h4>\n<p style=\"text-align: center;\">Quiero darte gracias Se\u00f1or por tu bondad y por tu misericordia.<br \/>\nEl Se\u00f1or est\u00e1 conmigo y me auxilia.<br \/>\nNo tengo miedo. En tu bondad me refugio.<br \/>\nAl final de mi vida, tu eres mi salvaci\u00f3n.<br \/>\nSe que no he de morir,<br \/>\nvivir\u00e9 para siempre en tu gloria, Se\u00f1or.<br \/>\nSe que entrar\u00e9 por las puertas del triunfo,<br \/>\npara darte gracias Se\u00f1or.<br \/>\nTu Pascua, Se\u00f1or, es mi puerta:<br \/>\nY quiero entrar por ella.<br \/>\nTe pido perd\u00f3n por mis pecados.<br \/>\nEsta es la hora en que el se\u00f1or act\u00faa para m\u00ed.<br \/>\n\u00c9l es mi esperanza y mi alegr\u00eda.<br \/>\nYo \u00a1te alabo y te ensalzo Se\u00f1or!<br \/>\nYo \u00a1deseo verte, Se\u00f1or!<\/p>\n<h4>El Se\u00f1or ser\u00e1 mi heredad para siempre<\/h4>\n<p style=\"text-align: center;\">\u00a1Se\u00f1or!, hoy proclamo que siempre he querido estar contigo,<br \/>\nen los d\u00edas de vida que me has regalado.<br \/>\nEn mis d\u00edas oscuros y tristes,<br \/>\nme has tomado de la mano,<br \/>\nme ha guiado tu consejo,<br \/>\ny ahora al final de mi vida,<br \/>\nespero ver y gozar de tu gloria.<br \/>\nCuando siento que llega mi momento final<br \/>\n<strong>cuando mi vida se acaba, dejo en paz esta tierra.<\/strong><br \/>\nEl Se\u00f1or ser\u00e1 ni tesoro y mi heredad para siempre.<br \/>\nY mi dicha estar cerca de mi Dios.<\/p>\n<h4>Pasar de este Mundo a la casa del Padre<\/h4>\n<p style=\"text-align: center;\">\u00a1Padre!, ha llegado la hora:<br \/>\nde pasar de este mundo a tu casa.<br \/>\nDe conocerte a ti el \u00fanico Dios verdadero,<br \/>\ny a tu Enviado, Jesucristo, mi Se\u00f1or.<br \/>\n\u00a1Perd\u00f3name!<br \/>\nPorque no siempre he sabido glorificar tu nombre.<br \/>\nNi aceptar la misi\u00f3n que me has encomendado.<br \/>\nHe conocido el amor que me tienes<br \/>\nEn Jesucristo, tu Palabra Encarnada.<br \/>\nEl me ha cuidado en tu nombre,<br \/>\ny ahora como criatura tuya quiero volver a Ti.<br \/>\n\u00a1Padre Santo!,<br \/>\nhoy recuerdo especialmente las palabras de tu hijo Jes\u00fas: \u00a1quiero que los [hombres y mujeres] que t\u00fa me diste est\u00e9n conmigo, donde yo estoy!, para que contemplen la gloria que a m\u00ed me has dado.<\/p>\n<h3>Lectura b\u00edblica<\/h3>\n<div class=\"oracionDia\">\n<p style=\"text-align: center;\"><strong>Del evangelio seg\u00fan san Juan 14, 4-6<\/strong><br \/>\nY adonde yo voy sab\u00e9is el camino. Le dice Tom\u00e1s: \u00abSe\u00f1or, no sabemos a d\u00f3nde vas, \u00bfc\u00f3mo podemos saber el camino?\u00bb Le dice Jes\u00fas: Yo soy el Camino, la Verdad y la Vida. Nadie va al Padre sino por m\u00ed.<br \/>\nR\/ Haz Se\u00f1or en nosotros, seg\u00fan nuestra fe.<\/p>\n<h3>Oraci\u00f3n de los fieles<\/h3>\n<p>Jesucristo nuestro Se\u00f1or, se hace presente en la vida del enfermo por el acontecimiento de su Pascua, que es nuestra espera, nuestra esperanza. -Oremos al Se\u00f1or para que sus enfermos encuentren en su iglesia, tu coraz\u00f3n que los acompa\u00f1a en la esperanza.<\/p>\n<p>R\/ Roguemos al Se\u00f1or<\/p>\n<\/div>\n<h3>Intercesi\u00f3n por los enfermos<\/h3>\n<p style=\"text-align: justify;\">Al atardecer de mi vida,<br \/>\nme presento ante ti Se\u00f1or y te digo: <strong>\u00a1 Rec\u00edbeme !<\/strong><br \/>\ny escucho tu voz que me dice: \u2026\u2026.<strong>\u00a1Ven !<\/strong><\/p>\n<p style=\"text-align: justify;\">Al final de mi vida, Se\u00f1or, me presento ante ti con humildad y confianza para que me acaricies; (Beata Teresa de Calcuta)<br \/>\npara que mis o\u00eddos oigan que me quieres, que me esperas y me recibes en tu morada \u00a1para siempre!<\/p>\n<p style=\"text-align: left;\">V \/ Enfermo (o quien reza por \u00e9l)<br \/>\nXt\u00ba\/ Cristo Resucitado<br \/>\nV \/ Enfermo (o quien reza por \u00e9l)<br \/>\n<strong>1<\/strong><br \/>\n<strong>V\/ [Se\u00f1or T\u00fa conoces toda mi vida. <\/strong>Hoy mis labios proclaman que te amo Se\u00f1or y que t\u00fa eres mi fortaleza y mi esperanza en la vida eterna.<br \/>\n<strong>Xt\u00ba Soy tu Se\u00f1or, escucha<\/strong> las palabras de mi ap\u00f3stol san Pablo: Me has conocido en los a\u00f1os de tu juventud, y por la fe que ha proclamado tu coraz\u00f3n, recibir\u00e1s el premio de los justos; y por la profesi\u00f3n que han hecho tus labios recibir\u00e1s mi salvaci\u00f3n, para ti ser\u00e1 la vida en plenitud.<br \/>\n<strong>V\/ Am\u00e9n. Aleluya]<\/strong><br \/>\n<strong> 2<\/strong><br \/>\nV\/ <strong>[Se\u00f1or, \u00a1quiero vivir contigo!<\/strong> Anhelo que mi nombre sea inscrito en tu morada, donde t\u00fa vives. Al final de mi vida <strong>me abrazo a ti Se\u00f1or<\/strong>, quiero vivir contigo.<br \/>\nXt\u00ba <strong>Soy tu Se\u00f1or, te digo:<\/strong> espera que se cumpla la promesa que he hecho a mi iglesia: todos los bautizados han sido sepultados en mi muerte y conmigo resucitar\u00e1n a una vida eterna. \u00a1Cree, espera, conf\u00eda, recibe!<br \/>\nV\/ Am\u00e9n. Aleluya]\n<p style=\"text-align: left;\"><strong>3<\/strong><br \/>\nV\/ [En mi juventud he escuchado tus palabras como una promesa que quiero que ahora se cumplan. <strong>Venid vosotros benditos de mi Padre.<\/strong> Mi alma sufriente te mira se\u00f1or y te se\u00f1or y se acoge a tu misericordia: Guarda mi alma en la paz junto a ti Se\u00f1or.<br \/>\nXt\u00ba \u00a1Ven! \u00a1Escucha! He visto tus obras y te digo \u00a1Todo el bien que hiciste a uno de estos mis humildes hermanos conmigo lo hiciste.<br \/>\nV\/ Am\u00e9n. Aleluya]\n<p style=\"text-align: left;\"><strong>4<\/strong><br \/>\nV\/ <strong>[Me he sentido ciudadano del Cielo<\/strong> y ahora en el final de mi vida espero gozar de la dicha del Se\u00f1or en el pa\u00eds de la vida, espero en la vida eterna.<br \/>\n<strong>Xt\u00ba Soy tu Se\u00f1or<\/strong> y te digo: has sido justificado por mi gracia, la que has recibido en mis sacramentos, eres en esperanza heredero\/a de la vida eterna, y esta espera se acaba.<br \/>\nV\/ Am\u00e9n. Aleluya]\n<p style=\"text-align: left;\"><strong>5<\/strong><br \/>\nV\/ <strong>[Al final de mi vida rec\u00edbeme Se\u00f1or.<\/strong> Mu\u00e9strame Se\u00f1or tu misericordia, hazme part\u00edcipe de tu salvaci\u00f3n.<br \/>\nXt\u00ba <strong>Soy tu Se\u00f1or y te digo,<\/strong> he escuchado en tus a\u00f1os de juventud que tus labios han confesado tu nombre, que soy tu Se\u00f1or; tu coraz\u00f3n ha cre\u00eddo que Dios Padre resucito a Jes\u00fas de entre los muertos; la salvaci\u00f3n de Jes\u00fas es para ti.<br \/>\nV\/ Am\u00e9n. Aleluya]\n<p style=\"text-align: left;\"><strong>6<\/strong><br \/>\nV\/ <strong>En tus manos encomiendo mi esp\u00edritu. <\/strong>A tus manos Padre de nuestro Se\u00f1or Jesucristo, cuando se acaban los d\u00edas de vida que tu me has regalado, te entrego mi esp\u00edritu.<br \/>\nXt\u00ba <strong>Soy tu Se\u00f1or y te digo<\/strong> Te lo aseguro [\u2026] estar\u00e1s conmigo en el para\u00edso.<br \/>\nV\/ Am\u00e9n. Aleluya]\n<p style=\"text-align: left;\"><strong>7<\/strong><br \/>\n<strong>Ac\u00f3geme en tu morada<\/strong> Al \u201catardecer de mi vida\u201d me refugio en Ti Se\u00f1or. \u00a1Prot\u00e9geme; ac\u00f3geme en tu morada!<br \/>\nXt\u00ba <strong>Soy tu Se\u00f1or y te digo<\/strong> En mi est\u00e1 toda gracia; en mi todo camino y verdad, en mi toda esperanza de vida eterna.<br \/>\nV\/ Am\u00e9n. Aleluya]\n<p style=\"text-align: left;\"><strong>8<\/strong><br \/>\nV\/ <strong>Quiero celebrar tu Pascua, sin prisas de tiempo<\/strong> En Ti quiero gozar para siempre la alegr\u00eda que tantos d\u00edas he esperado.<br \/>\n<strong>Xt\u00ba Soy tu Se\u00f1or y te digo<\/strong> Eres ya una criatura nueva, porque mi inmolaci\u00f3n en la cruz tambi\u00e9n es para ti. Ven celebra la Pascua sin final.<br \/>\nV\/ Am\u00e9n. Aleluya]\n<p style=\"text-align: left;\"><strong>9<\/strong><br \/>\nV\/ <strong>Recuerdo la promesa que nos has hecho. \u00a1Os llevar\u00e9 conmigo!<\/strong> En mi oraci\u00f3n de despedida de este mundo solo te pido una cosa Se\u00f1or, mi Dios: \u201chabitar en tu casa para siempre\u201d.<br \/>\nXt\u00ba. <strong>Soy tu Se\u00f1or y te digo:<\/strong> recuerda mi promesa: Me voy a prepararos sitio; volver\u00e9 y os llevar\u00e9 conmigo para que donde estoy yo, est\u00e9is tambi\u00e9n vosotros.<br \/>\nV\/ Am\u00e9n. Aleluya]\n<p style=\"text-align: left;\"><strong>10<\/strong><br \/>\nV\/ <strong>\u00a1Quiero conocer eternamente tu misericordia!<\/strong> En tu morada ver\u00e9 y cantar\u00e9 eternamente tu misericordia.<br \/>\nXt\u00ba <strong>Soy tu Se\u00f1or y te digo:<\/strong> Yo soy el primero y el \u00faltimo; yo soy el que vive. Estaba muerto y ya ves vivo por los siglos y tu participar\u00e1s de esta gloria. Ten esperanza.<br \/>\nV\/ Am\u00e9n. Aleluya]\n<p style=\"text-align: left;\"><strong>11<\/strong><br \/>\nV\/ <strong>En mi enfermedad consumada te miro Se\u00f1or<\/strong> Con mis a\u00f1os cumplidos, mi alma tiene sed de Ti, Dios que das vida eterna.<br \/>\nXt\u00ba <strong>Soy tu Se\u00f1or y te digo:<\/strong> En la vida y en la muerte sois mis criaturas; para eso he muerto. Para ser Se\u00f1or de vivos y muertos, tambi\u00e9n tu muerte tiene que estar redimida<br \/>\nV\/ Am\u00e9n. Aleluya]\n<p style=\"text-align: left;\"><strong>12<\/strong><br \/>\nV\/ <strong>Mis ojos quieren verte mis o\u00eddos o\u00edrte, mi coraz\u00f3n contemplar tu bondad.<\/strong> Mi o\u00eddo apagado para este mundo oye tu voz, tu promesa: Los buenos, por la bondad de nuestras obras, veremos tu rostro Se\u00f1or.<br \/>\nXt\u00ba <strong>Soy tu Se\u00f1or y te digo<\/strong> que escuches a mi ap\u00f3stol Pablo cuando predica: \u201dEs doctrina segura, si morimos con Jesucristo, tambi\u00e9n viviremos con \u00c9l\u201d.<br \/>\nV\/ Am\u00e9n. Aleluya]\n<p style=\"text-align: left;\"><strong>13<\/strong><br \/>\nV\/ <strong>\u00bfCu\u00e1ndo se alegrara mi coraz\u00f3n en tu bondad Se\u00f1or? Alegraos en el Se\u00f1or<\/strong> Alegraos justos y gozad contemplando el rostro del Se\u00f1or.<br \/>\nXt\u00ba <strong>Soy tu Se\u00f1or y te digo<\/strong> por el bautismo tu eres una naci\u00f3n consagrada, un pueblo elegido.<br \/>\nV\/ Am\u00e9n. Aleluya]]\n<p style=\"text-align: left;\"><strong>14<\/strong><br \/>\nV\/ <strong>Realmente eres hijo de Dios.<\/strong><br \/>\nXt\u00ba \u00a1Pasa! [nombre propio] \u00a1Hosp\u00e9date en mi morada. Contempla mi bondad mi belleza. Criatura llega a tu plenitud<br \/>\nV\/ Am\u00e9n. Aleluya]]\n<p style=\"text-align: left;\"><strong>15<\/strong><br \/>\n<strong>Una tierra nueva<\/strong><br \/>\nV\/ Espero un cielo nuevo y una tierra nueva<br \/>\nXt\u00ba Porque he resucitado una vez ya no muro m\u00e1s<br \/>\nV\/ y yo me incorporo a tu vida porque he sido bautizado en su muerte para permanecer en ti para siempre.<br \/>\nV\/ Am\u00e9n. Aleluya]]\n<p style=\"text-align: left;\"><strong>Conclusi\u00f3n<\/strong><br \/>\nMujer, \u00a1ah\u00ed tiene a tu hijo!, hijo \u00a1ah\u00ed tienes a tu madre!<br \/>\nMar\u00eda, Madre, en el final de mi vida cuida mi alma: sosi\u00e9game en el dolor que siento; acomp\u00e1\u00f1ame para que no me sienta sola\/o; dame confianza para que no sienta miedo.<br \/>\nMar\u00eda Madre de la Misericordia, siento que mi vida se apaga y te pido que intercedas por m\u00ed ante tu hijo Jes\u00fas Se\u00f1or de la vida y de la muerte.<br \/>\nVirgen de la ternura, ac\u00f3geme en tus brazos para pasar de la muerte a la vida.<br \/>\n*<br \/>\n<strong>\u00a1Se\u00f1or!, estoy preparado\/a para estar contigo en el para\u00edso, cuando tu dispongas. \u00a1Aleluya! \u00a1Aleluya!<\/strong><\/p>\n<h3 style=\"text-align: center;\">Profesi\u00f3n de fe<\/h3>\n<p style=\"text-align: center;\">Creo en Dios,<br \/>\nPadre Todopoderoso,<br \/>\nCreador del cielo y de la tierra.<br \/>\nCreo en Jesucristo, su \u00fanico Hijo,<br \/>\nNuestro Se\u00f1or,<br \/>\nque fue concebido por obra y<br \/>\ngracia del Esp\u00edritu Santo,<br \/>\nnaci\u00f3 de Santa Mar\u00eda V\u00edrgen,<br \/>\npadeci\u00f3 bajo el poder de Poncio Pilato,<br \/>\nfue crucificado,<br \/>\nmuerto y sepultado,<br \/>\ndescendi\u00f3 a los infiernos,<br \/>\nal tercer d\u00eda resucit\u00f3 de entre<br \/>\nlos muertos,<br \/>\nsubi\u00f3 a los cielos<br \/>\ny est\u00e1 sentado a la derecha<br \/>\nde Dios, Padre Todopoderoso.<br \/>\nDesde all\u00ed ha de venir a<br \/>\njuzgar a los vivos y a los muertos.<br \/>\nCreo en el Esp\u00edritu Santo,<br \/>\nla santa Iglesia cat\u00f3lica,<br \/>\nla comuni\u00f3n de los santos,<br \/>\nel perd\u00f3n de los pecados,<br \/>\nla resurrecci\u00f3n de la carne<br \/>\ny la vida eterna. <strong>Am\u00e9n.<\/strong><\/p>\n<h3 style=\"text-align: center;\">\u00a0Se\u00f1or acoge a nuestro hermano\/A<\/h3>\n<p style=\"text-align: center;\">Querido hermano \u2013 hermana:<br \/>\nTe ponemos en las manos de Dios;<br \/>\ny al dejar esta vida salgan a tu encuentro<br \/>\nla virgen Mar\u00eda <strong>Nuestra Se\u00f1ora del Carmen<\/strong><br \/>\ny todos los \u00e1ngeles y santos.<br \/>\nQue Cristo que sufri\u00f3 muerte de Cruz por ti,<br \/>\nte conceda la libertad verdadera;<br \/>\nte aloje en su casa.<br \/>\nque Cristo Buen Pastor te reconozca como su hijo<br \/>\nQue te perdone todos tus pecados;<br \/>\nque puedas contemplar gozoso\/a a tu redentor y gozar de la visi\u00f3n de Dios por los siglos de los siglos.<\/p>\n<h3 style=\"text-align: center;\">Am\u00e9n<\/h3>\n<p style=\"text-align: center;\"><img loading=\"lazy\" decoding=\"async\" class=\"alignnone size-medium wp-image-3003\" src=\"https:\/\/oracion.netytec.com\/wp-content\/uploads\/2017\/02\/p3-278x300.png\" alt=\"p3\" width=\"278\" height=\"300\" srcset=\"https:\/\/oracion.netytec.com\/wp-content\/uploads\/2017\/02\/p3-278x300.png 278w, https:\/\/oracion.netytec.com\/wp-content\/uploads\/2017\/02\/p3.png 732w\" sizes=\"(max-width: 278px) 100vw, 278px\" \/><\/p>\n","protected":false},"excerpt":{"rendered":"<p>&nbsp; \u00a1Estar\u00e1s conmigo en el Para\u00edso!\u201d Mt 25,34. Venid\u00a0vosotros,\u00a0benditos\u00a0de\u00a0mi\u00a0Padre\u037e heredad el Reino\u00a0 preparado\u00a0 para a\u00a0 vosotros, desde la creaci\u00f3n del mundo. Lc 23,46 A tus manos Padre encomiendo mi esp\u00edritu. Jn 17,24 Padre este es mi deseo: que los que&hellip; <\/p>\n","protected":false},"author":1,"featured_media":0,"parent":0,"menu_order":0,"comment_status":"closed","ping_status":"closed","template":"","meta":{"_monsterinsights_skip_tracking":false,"_monsterinsights_sitenote_active":false,"_monsterinsights_sitenote_note":"","_monsterinsights_sitenote_category":0,"footnotes":""},"class_list":["post-2022","page","type-page","status-publish","hentry"],"_links":{"self":[{"href":"https:\/\/oracion.netytec.com\/index.php?rest_route=\/wp\/v2\/pages\/2022"}],"collection":[{"href":"https:\/\/oracion.netytec.com\/index.php?rest_route=\/wp\/v2\/pages"}],"about":[{"href":"https:\/\/oracion.netytec.com\/index.php?rest_route=\/wp\/v2\/types\/page"}],"author":[{"embeddable":true,"href":"https:\/\/oracion.netytec.com\/index.php?rest_route=\/wp\/v2\/users\/1"}],"replies":[{"embeddable":true,"href":"https:\/\/oracion.netytec.com\/index.php?rest_route=%2Fwp%2Fv2%2Fcomments&post=2022"}],"version-history":[{"count":57,"href":"https:\/\/oracion.netytec.com\/index.php?rest_route=\/wp\/v2\/pages\/2022\/revisions"}],"predecessor-version":[{"id":3311,"href":"https:\/\/oracion.netytec.com\/index.php?rest_route=\/wp\/v2\/pages\/2022\/revisions\/3311"}],"wp:attachment":[{"href":"https:\/\/oracion.netytec.com\/index.php?rest_route=%2Fwp%2Fv2%2Fmedia&parent=2022"}],"curies":[{"name":"wp","href":"https:\/\/api.w.org\/{rel}","templated":true}]}}