{"id":2051,"date":"2017-02-08T13:44:22","date_gmt":"2017-02-08T12:44:22","guid":{"rendered":"http:\/\/oracion.netytec.com\/?page_id=2051"},"modified":"2018-10-15T12:14:25","modified_gmt":"2018-10-15T11:14:25","slug":"2051-2","status":"publish","type":"page","link":"https:\/\/oracion.netytec.com\/?page_id=2051","title":{"rendered":"Aleluya"},"content":{"rendered":"<h3>\u00a1Dad gracias a Dios! por la salud recobrada<\/h3>\n<p><img loading=\"lazy\" decoding=\"async\" class=\"aligncenter size-full wp-image-2052\" src=\"https:\/\/oracion.netytec.com\/wp-content\/uploads\/2017\/02\/Aleluya-1.jpg\" alt=\"Aleluya-1\" width=\"300\" height=\"360\" srcset=\"https:\/\/oracion.netytec.com\/wp-content\/uploads\/2017\/02\/Aleluya-1.jpg 300w, https:\/\/oracion.netytec.com\/wp-content\/uploads\/2017\/02\/Aleluya-1-250x300.jpg 250w\" sizes=\"(max-width: 300px) 100vw, 300px\" \/><\/p>\n<p class=\"Trojo\">El Se\u00f1or act\u00faa en mi vida<br \/>\nLeproso sanado, vuelve a agradecer a Jes\u00fas la salud recibida.<br \/>\nLos \u201cotros\u201d pasaron de largo.<br \/>\n\u00bfD\u00f3nde est\u00e1s t\u00fa?<\/p>\n<h3>Himno<\/h3>\n<p style=\"text-align: center;\">\u00a1Aleluya!<br \/>\nLa salvaci\u00f3n, es de nuestro Dios,<br \/>\nporque sus juicios son verdaderos y justos.<br \/>\n\u00a1Amen, Aleluya!<br \/>\n\u00a1Aleluya!<br \/>\nAlabad al Se\u00f1or sus siervos todos,<br \/>\nLos que le tem\u00e9is peque\u00f1os y grandes.<br \/>\n\u00a1Am\u00e9n, Aleluya!<br \/>\n\u00a1Aleluya!<br \/>\nPorque reina el Se\u00f1or, nuestro Dios due\u00f1o de todo.<br \/>\nAlegr\u00e9monos y goc\u00e9monos y d\u00e9mosle gracias<br \/>\n\u00a1Amen, Aleluya!<br \/>\nAlegr\u00e9monos, y demos gloria a Dios.<br \/>\n\u00a1Amen, Aleluya!<\/p>\n<h3>Salmodia<\/h3>\n<h4 style=\"text-align: center;\">Agradece tu salud. Salmos 116<\/h4>\n<p style=\"text-align: center;\"><strong>Ant\u00edfona \u00a1Yo te amo Se\u00f1or!<\/strong><br \/>\nYo te amo Se\u00f1or porque me escuchas,<br \/>\nporque oyes mi voz cargada de s\u00faplica.<br \/>\nEl Se\u00f1or se digna escucharme;<br \/>\npor eso lo invocar\u00e9 mientras viva.<br \/>\nLos lazos de la muerte me envolvieron,<br \/>\ny me angusti\u00e9 al verme tan cerca de la muerte;<br \/>\nmi vida era angustia y aflicci\u00f3n constante.<br \/>\nPero en el nombre del Se\u00f1or clam\u00e9:<br \/>\n\u00abSe\u00f1or, \u00a1te ruego que me salves la vida!\u00bb<br \/>\nEl Se\u00f1or es justo y compasivo;<br \/>\nnuestro Dios es todo bondad.<br \/>\nEl Se\u00f1or protege a la gente sencilla.<br \/>\nYo estuve muy enfermo, y\u2026 \u00e9l me levant\u00f3.<br \/>\n\u00a1Alma m\u00eda, ya puedes estar tranquila,<br \/>\nporque el Se\u00f1or me ha tratado con bondad.<br \/>\nT\u00fa, Se\u00f1or, me libraste de la muerte,<br \/>\nenjugaste mis l\u00e1grimas y no me dejaste caer.<br \/>\nPor eso, Se\u00f1or, mientras tenga vida,<br \/>\nvivir\u00e9 seg\u00fan tu voluntad.<br \/>\nYo ten\u00eda fe, aun cuando dije:<br \/>\n\u00ab\u00a1Es muy grande mi aflicci\u00f3n!\u00bb<br \/>\nEra tal mi desesperaci\u00f3n, que exclam\u00e9:<br \/>\n\u00ab\u00a1No hay nadie digno de confianza!\u00bb<br \/>\n\u00bfCon qu\u00e9 voy a pagarle al Se\u00f1or<br \/>\ntantas <strong>bendiciones<\/strong> que de \u00e9l he recibido?<br \/>\n\u00a1S\u00f3lo ofreciendo libaciones por su salvaci\u00f3n,<br \/>\ne invocando el nombre del Se\u00f1or!<br \/>\n\u00a1S\u00f3lo cumpliendo al Se\u00f1or mis promesas<br \/>\nen presencia de todo su pueblo!<br \/>\nA los ojos del Se\u00f1or es muy valiosa<br \/>\nla muerte de quienes lo aman.<br \/>\nSe\u00f1or, yo soy tu siervo;<br \/>\nmi madre fue tu sierva, y yo tambi\u00e9n lo soy,<br \/>\npues me libraste de mis cadenas.<br \/>\nEl sacrificio que te ofrezco es mi alabanza;<br \/>\nvoy, Se\u00f1or, a proclamar tu nombre.<br \/>\nVoy a cumplirte mis promesas<br \/>\nen presencia de todo tu pueblo,<br \/>\nen los atrios de tu templo, Se\u00f1or;<br \/>\n\u00a1en medio de ti, ciudad de Jerusal\u00e9n! \u00a1Aleluya!<br \/>\n<strong>Ant\u00edfona \u00a1Yo te amo Se\u00f1or!<\/strong><\/p>\n<h4>Salmo 91<\/h4>\n<p style=\"text-align: center;\">(Adaptado)<br \/>\n<strong><br \/>\nAnt\u00edfona \u00a1Da gracias a Dios de todo coraz\u00f3n!<\/strong><br \/>\nEs bueno darte gracias, Se\u00f1or, de coraz\u00f3n,<br \/>\ny cantarte con gozo cada d\u00eda.<br \/>\nEs bueno proclamar por la ma\u00f1ana tu lealtad y por la noche decirte de verdad que me has querido.<br \/>\nEs bueno decir que tus acciones, Se\u00f1or,<br \/>\nson mi alegr\u00eda y mi esperanza.<br \/>\nEs bueno decirte que las obras le tus manos<br \/>\nson j\u00fabilo y fiesta para m\u00ed.<br \/>\nTe doy gracias y me alegro por el don maravilloso de la vida.<br \/>\nOraci\u00f3n en silencio<br \/>\n[Te doy gracias y me alegro por el don entra\u00f1able del bautismo.<br \/>\nTe doy gracias y me alegro por el don precioso de tu Esp\u00edritu<br \/>\nTe doy gracias y me alegro por el don precioso de tu Palabra.<br \/>\nTe doy gracias y me alegro por el don \u00fanico de tu Pan de vida, Eucarist\u00eda.<br \/>\nTe doy gracias Se\u00f1or por mi matrimonio<br \/>\nPor el Sacramento del Orden..]\nQu\u00e9 grandes son tus obras, Se\u00f1or.<br \/>\nQu\u00e9 profundos son tus designios.<br \/>\nQu\u00e9 grandes son tus proyectos para nosotros.<br \/>\nQu\u00e9 profundos son tus deseos para el que te busca.<br \/>\nEs bello, Se\u00f1or, vivir siendo t\u00fa el centro de mi vida.<br \/>\nMuchos no te conocen, Se\u00f1or, y me da pena<br \/>\nque pongan su vida en cosas que se acaban.<br \/>\nMuchos no saben que t\u00fa eres Padre<br \/>\ny que nos quieres a todos con ternura.<br \/>\nT\u00fa eres grande para siempre.<br \/>\nTu amor me inunda y me hace feliz.<br \/>\nEl hombre honrado florecer\u00e1 como palmera,<br \/>\nse abrir\u00e1 como un trigal fecundo,<br \/>\nsiempre tendr\u00e1 el fruto a mano y su vida ante ti, Se\u00f1or, ser\u00e1 preciosa.<br \/>\nEs bueno darte gracias, Se\u00f1or, y cantarte de gozo cada d\u00eda.<br \/>\nEs bueno abrir el coraz\u00f3n de par en par<br \/>\ny dejar que tu luz inunde de tu paz toda mi vida.<br \/>\n<strong>Ant\u00edfona \u00a1Da gracias a Dios de todo coraz\u00f3n!<\/strong><\/p>\n<h4>Salmo 30<\/h4>\n<p style=\"text-align: center;\"><strong>Ant\u00edfona \u00a1Yo te alabo Se\u00f1or! <\/strong><br \/>\nYo te glorifico, Se\u00f1or, porque t\u00fa me diste la salud<br \/>\nSe\u00f1or, Dios m\u00edo, clam\u00e9 a ti y t\u00fa me sanaste.<br \/>\nCanten al Se\u00f1or, sus fieles;<br \/>\nden gracias a su santo Nombre,<br \/>\nporque su enojo dura un instante,<br \/>\ny su bondad, toda la vida:<br \/>\nsi por la noche se derraman l\u00e1grimas,<br \/>\npor la ma\u00f1ana renace la alegr\u00eda.<br \/>\nNada me har\u00e1 vacilar.<br \/>\nPed\u00ed ayuda al Se\u00f1or :<br \/>\nEscucha, Se\u00f1or, ten piedad de m\u00ed;<br \/>\n\u00a1ven a ayudarme!<br \/>\nT\u00fa convertiste mi lamento en j\u00fabilo,<br \/>\nme quitaste el luto y me vestiste de fiesta,<br \/>\npara que mi coraz\u00f3n te cante sin cesar.<br \/>\n\u00a1Se\u00f1or, Dios m\u00edo, te doy gracias por siempre! Amen<br \/>\n<strong>Ant\u00edfona \u201cYo te alabo Se\u00f1or \u201c<\/strong><\/p>\n<h4>Salmo 137<\/h4>\n<p style=\"text-align: center;\"><strong>Ant\u00edfona \u00a1Te doy gracias, Se\u00f1or, de todo coraz\u00f3n!<\/strong><br \/>\nTe doy gracias, Se\u00f1or, de todo coraz\u00f3n;<br \/>\ndar\u00e9 gracias a tu nombre:<br \/>\npor tu misericordia y tu lealtad,<br \/>\nporque tu promesa supera a tu fama;<br \/>\ncuando te invoqu\u00e9, me escuchaste,<br \/>\nacreciste el valor en mi alma.<br \/>\nEl Se\u00f1or es sublime, se fija en el humilde;<br \/>\ncuando camino entre peligros, me conservas la vida;<br \/>\nextiendes tu brazo y me salvas.<br \/>\nEl Se\u00f1or completar\u00e1 sus favores conmigo:<br \/>\nSe\u00f1or, tu misericordia es eterna,<br \/>\nno abandones la obra de tus manos.<br \/>\n<strong>Ant\u00edfona \u00a1Te doy gracias, Se\u00f1or, de todo coraz\u00f3n!<\/strong><\/p>\n<h4>Salmo 114<\/h4>\n<p style=\"text-align: center;\"><strong>Ant\u00edfona \u00a1El Se\u00f1or es toda mi herencia!<\/strong><br \/>\nAmo al Se\u00f1or, porque escucha mi voz suplicante,<br \/>\nporque inclina su o\u00eddo hacia m\u00ed, el d\u00eda que lo invoco.<br \/>\nMe envolv\u00edan redes de muerte,<br \/>\nme alcanzaron los lazos del abismo,<br \/>\nca\u00ed en tristeza y angustia.<br \/>\nInvoqu\u00e9 el nombre del Se\u00f1or:<br \/>\n\u00abSe\u00f1or, salva mi vida\u00bb.<br \/>\nEl Se\u00f1or es benigno y justo,<br \/>\nnuestro Dios es compasivo;<br \/>\nel Se\u00f1or guarda a los sencillos:<br \/>\nestando yo sin fuerzas me salv\u00f3.<br \/>\nAlma m\u00eda, recobra tu calma,<br \/>\nque el Se\u00f1or fue bueno contigo:<br \/>\narranc\u00f3 mi alma de la muerte,<br \/>\nmis ojos de las l\u00e1grimas,<br \/>\nmis pies de la ca\u00edda.<br \/>\nCaminar\u00e9 en presencia del Se\u00f1or en el pa\u00eds de la vida.<br \/>\n<strong>Ant\u00edfona El Se\u00f1or es toda mi herencia<\/strong><\/p>\n<h4>Salmo 41<\/h4>\n<p style=\"text-align: center;\"><strong>Ant\u00edfona \u00a1Alabo al Se\u00f1or en su gran bondad!<\/strong><br \/>\nFeliz el que se ocupa del d\u00e9bil, del pobre y del enfermo,<br \/>\nel Se\u00f1or lo librar\u00e1 en el momento del peligro y del sufrir.<br \/>\nEl Se\u00f1or lo proteger\u00e1 y le dar\u00e1 larga vida,<br \/>\nlo har\u00e1 dichoso en la tierra,<br \/>\ny no lo entregar\u00e1 a la avidez de la enfermedad;<br \/>\nel Se\u00f1or lo sostendr\u00e1 en su lecho de dolor,<br \/>\ny le devolver\u00e1 la salud.<br \/>\nYo dije: \u00abTen piedad de m\u00ed, Se\u00f1or,<br \/>\ns\u00e1name, y t\u00fa me sostuviste,<br \/>\ny me mantienes para siempre en tu presencia.<br \/>\n\u00a1Bendito sea el Se\u00f1or, el Dios de Israel,<br \/>\ndesde siempre y para siempre!<br \/>\n\u00a1Amen! \u00a1Am\u00e9n!<br \/>\n<strong>Ant\u00edfona \u00a1Alabo al Se\u00f1or en su gran bondad<\/strong><\/p>\n<p style=\"text-align: center;\"><strong>C\u00e1ntico Cristol\u00f3gico (Col 1,12-20)<\/strong><br \/>\nHimno a Cristo, primog\u00e9nito de toda criatura y primer resucitado de entre los muertos.<\/p>\n<p style=\"text-align: center;\"><strong>Ant\u00edfona \u00a1Cristo, es Cabeza de la iglesia!<\/strong><br \/>\nDamos gracias a Dios Padre,<br \/>\nque nos ha hecho capaces de compartir<br \/>\nla herencia del pueblo santo en la luz.<br \/>\n\u00c9l nos ha sacado del dominio de las tinieblas,<br \/>\ny nos ha trasladado al reino de su Hijo querido,<br \/>\npor cuya sangre hemos recibido la redenci\u00f3n,<br \/>\nel perd\u00f3n de los pecados.<br \/>\n\u00c9l es imagen de Dios invisible,<br \/>\nprimog\u00e9nito de toda criatura;<br \/>\nporque por medio de \u00e9l<br \/>\nfueron creadas todas las cosas:<br \/>\ncelestes y terrestres, visibles e invisibles,<br \/>\nTronos, Dominaciones, Principados, Potestades;<br \/>\ntodo fue creado por \u00e9l y para \u00e9l.<br \/>\n\u00c9l es anterior a todo, y todo se mantiene en \u00e9l.<br \/>\n\u00c9l es tambi\u00e9n la cabeza del cuerpo: de la Iglesia.<br \/>\n\u00c9l es el principio, el primog\u00e9nito de entre los muertos,<br \/>\ny as\u00ed es el primero en todo.<br \/>\nPorque en \u00e9l quiso Dios que residiera toda la plenitud.<br \/>\nY por \u00e9l quiso reconciliar consigo todos los seres:<br \/>\nlos del cielo y los de la tierra,<br \/>\nhaciendo la paz por la sangre de su cruz.<br \/>\n<strong>Ant\u00edfona \u00a1Cristo, es Cabeza de la iglesia!<\/strong><\/p>\n<h3 style=\"text-align: center;\">Lectura b\u00edblica<\/h3>\n<div class=\"oracionDia\">\n<p style=\"text-align: justify;\"><strong>Del evangelio seg\u00fan san Juan 14, 4-6<\/strong><br \/>\nY adonde yo voy sab\u00e9is el camino. Le dice Tom\u00e1s: \u00abSe\u00f1or, no sabemos a d\u00f3nde vas, \u00bfc\u00f3mo podemos saber el camino?\u00bb Le dice Jes\u00fas: Yo soy el Camino, la Verdad y la Vida. Nadie va al Padre sino por m\u00ed.<br \/>\nR\/ Haz Se\u00f1or en nosotros, seg\u00fan nuestra fe.<\/p>\n<h3>Oraci\u00f3n de los fieles<\/h3>\n<p>Jesucristo nuestro Se\u00f1or, se hace presente en la vida del enfermo por el acontecimiento de su Pascua, que es nuestra espera, nuestra esperanza. -Oremos al Se\u00f1or para que sus enfermos encuentren en su iglesia, tu coraz\u00f3n que los acompa\u00f1a en la esperanza.<\/p>\n<p>R\/ Roguemos al Se\u00f1or<\/p>\n<\/div>\n<p style=\"text-align: justify;\">Cuando he experimentado el dolor, la soledad, el peso del vivir cada d\u00eda, y ahora siento vivo todo mi ser, gracias es la palabra que mis labios elevan para ti Se\u00f1or.<br \/>\n<strong>Gracias Se\u00f1or por tu Pascua<\/strong>, por morir y resucitar por nosotros, que nos da el don gozoso de pasar de la muerte a la vida y que experimentamos en vencer a la enfermedad, el pecado y la muerte.<br \/>\nR\/ Gracias por tu Pascua.<br \/>\n<strong>Gracias Se\u00f1or por los sacramentos,<\/strong> todos signos de tu amor, pero especialmente lo hago hoy por el sacramento de la <strong>Unci\u00f3n de Enfermos,<\/strong> que me ha confortado, dado sosiego y me ha abrazado en tu esperanza.<br \/>\nR\/Gracias por tus sacramentos.<br \/>\n<strong>Gracias por los dones de tu misericordia,<\/strong> por esos momentos luminosos en que sentimos la alegr\u00eda de tu presencia, por todo lo bueno, lo noble, lo verdadero que acontece en nuestra vida: los abrazos de nuestra familia, la amistad entra\u00f1able y sincera, la oraci\u00f3n de nuestra iglesia, el esfuerzo compartido del personal sanitario, la esperanza de nuestra fe.<br \/>\nR\/ Gracias por tu misericordia<br \/>\n<strong>Tambi\u00e9n te damos gracias por nuestro desierto vivido:<\/strong> las dificultades que hemos vivido, los problemas y sufrimientos que nos ha tocado afrontar y padecer. Sabemos Padre todopoderoso que ordenas todas las cosas para nuestra mayor bien, pues cu\u00e1nto sucede es querido o permitido por ti, por eso ponemos en ti nuestros ojos, y confiamos en tu fidelidad y en tu gracia. R\/ Gracias por vivir en tu gracia.<\/p>\n<p><img loading=\"lazy\" decoding=\"async\" class=\"size-full wp-image-2071 aligncenter\" src=\"https:\/\/oracion.netytec.com\/wp-content\/uploads\/2017\/02\/Aleluya-2.jpg\" alt=\"Aleluya-2\" width=\"300\" height=\"360\" srcset=\"https:\/\/oracion.netytec.com\/wp-content\/uploads\/2017\/02\/Aleluya-2.jpg 300w, https:\/\/oracion.netytec.com\/wp-content\/uploads\/2017\/02\/Aleluya-2-250x300.jpg 250w\" sizes=\"(max-width: 300px) 100vw, 300px\" \/><\/p>\n<p class=\"Trojo\" style=\"text-align: center;\">Le dice Jes\u00fas (Mc10,46-51) al ciego Bartimeo: \u00bfQue quieres que haga por t\u00ed?<br \/>\nY su respuesta:<br \/>\n\u00a1Se\u00f1or, que pueda ver!<br \/>\nTe pregunta el Se\u00f1or \u00bfque quieres que haga por ti?<br \/>\ny tu s\u00faplica es\u2026\u2026\u2026\u2026\u2026\u2026\u2026\u2026\u2026\u2026<\/p>\n<p><strong>Padre nuestro<\/strong><br \/>\n<strong>Oraci\u00f3n:<\/strong> Padre, danos un coraz\u00f3n agradecido; que aprendamos a darte gracias tambi\u00e9n cuando la enfermedad llama a nuestra puerta, y as\u00ed se convierta para nosotros en un esplendoroso camino de bendici\u00f3n y seamos testigos del poder inmenso de tu amor en nuestras vidas. <strong>Am\u00e9n<\/strong><\/p>\n<h3>C\u00e1ntico de la Virgen Mar\u00eda<\/h3>\n<p style=\"text-align: center;\">\u00abMagn\u00edficat\u00bb (Lc 1, 46-55)<br \/>\nAlegr\u00eda del alma en el Se\u00f1or<br \/>\n<strong>Proclama mi alma<\/strong> la grandeza del Se\u00f1or,<br \/>\nse alegra mi esp\u00edritu en Dios, mi salvador;<br \/>\nporque ha mirado la humillaci\u00f3n de su esclava.<br \/>\nDesde ahora me felicitar\u00e1n todas las generaciones,<br \/>\nporque el Poderoso ha hecho obras grandes por m\u00ed:<br \/>\nsu nombre es santo,<br \/>\ny su misericordia llega a sus fieles<br \/>\nde generaci\u00f3n en generaci\u00f3n.<br \/>\n\u00c9l hace proezas con su brazo:<\/p>\n<p style=\"text-align: center;\">dispersa a los soberbios de coraz\u00f3n,<br \/>\nderriba del trono a los poderosos<br \/>\ny enaltece a los humildes,<br \/>\na los hambrientos los colma de bienes<br \/>\ny a los ricos los despide vac\u00edos.<br \/>\nAuxilia a Israel, su siervo,<br \/>\nacord\u00e1ndose de la misericordia<br \/>\n-como lo hab\u00eda prometido a nuestros padres-<br \/>\nen favor de Abrah\u00e1n y su descendencia por<br \/>\nsiempre.<\/p>\n<h3 style=\"text-align: center;\">Am\u00e9n<\/h3>\n<p style=\"text-align: center;\"><img loading=\"lazy\" decoding=\"async\" class=\"alignnone size-full wp-image-3007\" src=\"https:\/\/oracion.netytec.com\/wp-content\/uploads\/2017\/02\/a1.png\" alt=\"a1\" width=\"267\" height=\"189\" \/><\/p>\n","protected":false},"excerpt":{"rendered":"<p>\u00a1Dad gracias a Dios! por la salud recobrada El Se\u00f1or act\u00faa en mi vida Leproso sanado, vuelve a agradecer a Jes\u00fas la salud recibida. Los \u201cotros\u201d pasaron de largo. \u00bfD\u00f3nde est\u00e1s t\u00fa? Himno \u00a1Aleluya! La salvaci\u00f3n, es de nuestro Dios,&hellip; <\/p>\n","protected":false},"author":1,"featured_media":0,"parent":0,"menu_order":0,"comment_status":"closed","ping_status":"closed","template":"","meta":{"_monsterinsights_skip_tracking":false,"_monsterinsights_sitenote_active":false,"_monsterinsights_sitenote_note":"","_monsterinsights_sitenote_category":0,"footnotes":""},"class_list":["post-2051","page","type-page","status-publish","hentry"],"_links":{"self":[{"href":"https:\/\/oracion.netytec.com\/index.php?rest_route=\/wp\/v2\/pages\/2051"}],"collection":[{"href":"https:\/\/oracion.netytec.com\/index.php?rest_route=\/wp\/v2\/pages"}],"about":[{"href":"https:\/\/oracion.netytec.com\/index.php?rest_route=\/wp\/v2\/types\/page"}],"author":[{"embeddable":true,"href":"https:\/\/oracion.netytec.com\/index.php?rest_route=\/wp\/v2\/users\/1"}],"replies":[{"embeddable":true,"href":"https:\/\/oracion.netytec.com\/index.php?rest_route=%2Fwp%2Fv2%2Fcomments&post=2051"}],"version-history":[{"count":35,"href":"https:\/\/oracion.netytec.com\/index.php?rest_route=\/wp\/v2\/pages\/2051\/revisions"}],"predecessor-version":[{"id":3314,"href":"https:\/\/oracion.netytec.com\/index.php?rest_route=\/wp\/v2\/pages\/2051\/revisions\/3314"}],"wp:attachment":[{"href":"https:\/\/oracion.netytec.com\/index.php?rest_route=%2Fwp%2Fv2%2Fmedia&parent=2051"}],"curies":[{"name":"wp","href":"https:\/\/api.w.org\/{rel}","templated":true}]}}