{"id":3180,"date":"2018-03-08T18:07:38","date_gmt":"2018-03-08T17:07:38","guid":{"rendered":"http:\/\/oracion.netytec.com\/?page_id=3180"},"modified":"2021-09-20T12:44:56","modified_gmt":"2021-09-20T11:44:56","slug":"betania","status":"publish","type":"page","link":"https:\/\/oracion.netytec.com\/?page_id=3180","title":{"rendered":"Betania"},"content":{"rendered":"<p style=\"text-align: center;\"><img loading=\"lazy\" decoding=\"async\" class=\"alignnone size-medium wp-image-3029\" src=\"https:\/\/oracion.netytec.com\/wp-content\/uploads\/2017\/02\/b1-164x300.png\" alt=\"b1\" width=\"164\" height=\"300\" srcset=\"https:\/\/oracion.netytec.com\/wp-content\/uploads\/2017\/02\/b1-164x300.png 164w, https:\/\/oracion.netytec.com\/wp-content\/uploads\/2017\/02\/b1.png 166w\" sizes=\"(max-width: 164px) 100vw, 164px\" \/><\/p>\n<h3>Visita a los enfermos<\/h3>\n<p align=\"JUSTIFY\">Todos los cristianos, participando en la solicitud y amor de Cristo y de su iglesia a los enfermos (y de todos los que sufren) deben preocuparse con gran esmero de los enfermos y <b>visitarlos en su dolor, [domicilio familiar, hospital..] para:<\/b><\/p>\n<ul>\n<li>\n<p align=\"JUSTIFY\"><b>Confortarlos en el Se\u00f1or, con la oraci\u00f3n hecha desde la fe; y muy especialmente con la fuerza de la Sagrada Escritura, [con sus salmos] desde ella: <\/b>puede el enfermo descubrir el significado de la enfermedad humana dentro del misterio de salvaci\u00f3n de Jesucristo, unirse al misterio de Cristo doliente; la Pascua del enfermo y santificar la enfermedad con la oraci\u00f3n que les dar\u00e1 fuera interior para sobrellevar su dolor con esperanza.<\/p>\n<\/li>\n<li>\n<p align=\"JUSTIFY\"><b>[sin sustituir a la familia] <\/b><b>Ayudarles fraternalmente en todo lo que necesiten y est\u00e9 a nuestro alcance.<\/b><\/p>\n<\/li>\n<\/ul>\n<h4>Visita al enfermo<br \/>\nElementos que debe contener<\/h4>\n<ol>\n<li>\n<p align=\"JUSTIFY\">Dentro de la casa: saludo al enfermo, a su familia y a quienes los cuidan con el beso santo de la Paz. \u201c<b>La Paz sea con vosotros\u201d<\/b><\/p>\n<\/li>\n<\/ol>\n<ol start=\"2\">\n<li>\n<p align=\"JUSTIFY\">Preguntar, escuchar al enfermo; hacer presente el dolor de Jes\u00fas y su salvaci\u00f3n. \u201c<b>El Se\u00f1or es nuestra Pascua\u201d<\/b><\/p>\n<\/li>\n<\/ol>\n<ol start=\"3\">\n<li>\n<p align=\"JUSTIFY\"><b>Oramos contigo<\/b><\/p>\n<p align=\"JUSTIFY\"><b><\/b>Gracias por el don de la vida; por recibir la luz de un nuevo d\u00eda.<\/p>\n<\/li>\n<\/ol>\n<ol start=\"4\">\n<li>\n<p align=\"JUSTIFY\"><b>\u00bfQue podemos hacer por ti?<\/b><\/p>\n<\/li>\n<\/ol>\n<ol start=\"5\">\n<li>\n<p align=\"JUSTIFY\">Oraci\u00f3n \/ Plegaria improvisada con el sentir de todos los que han participado, que finaliza con la oraci\u00f3n del padre nuestro\u2026<\/p>\n<\/li>\n<\/ol>\n<ol start=\"6\">\n<li>\n<p align=\"JUSTIFY\">Imposici\u00f3n de manos sobre el enfermo y bendici\u00f3n y despedida.<\/p>\n<\/li>\n<\/ol>\n<p align=\"JUSTIFY\">Si la visita al enfermo incluye llevarle la comuni\u00f3n [y la iglesia lo recomienda] es muy aconsejable seguir el ritual lit\u00fargico para estas situaciones donde el rito penitencial ocupa un lugar tan excepcional.<\/p>\n<p align=\"CENTER\"><b>I<\/b><\/p>\n<p style=\"text-align: center;\"><b>Recibe la Luz de un Nuevo d\u00eda<\/b><\/p>\n<p align=\"CENTER\">[inspirado en el salmo 91]\n<p style=\"text-align: center;\">Por la alborada Pascual,<\/p>\n<p style=\"text-align: center;\">por las infinitas sendas reci\u00e9n amanecidas<\/p>\n<p style=\"text-align: center;\">por los caminos v\u00edrgenes a\u00fan no pisados,<\/p>\n<p style=\"text-align: center;\"><i><b>-Te alabamos, Se\u00f1or<\/b><\/i><\/p>\n<p style=\"text-align: center;\">Por la esperanza que renace cada ma\u00f1ana,<\/p>\n<p style=\"text-align: center;\">para estrenar tareas e ilusiones<\/p>\n<p style=\"text-align: center;\">y ofrecerte el primer instante del d\u00eda,<\/p>\n<p style=\"text-align: center;\"><i>-Te bendecimos, Se\u00f1or<\/i><\/p>\n<p style=\"text-align: center;\">Por la alegr\u00eda matinal que revela la maravilla de ser felices,<\/p>\n<p style=\"text-align: center;\">por el gozo grande de todo lo que nace,<\/p>\n<p style=\"text-align: center;\"><i>-Te damos gracias, Se\u00f1or! <\/i><\/p>\n<p style=\"text-align: center;\">Por el noble renacer de lo sencillo<\/p>\n<p style=\"text-align: center;\">entre el traj\u00edn de nuestras manos,<\/p>\n<p style=\"text-align: center;\">por cuantos estrenan amores y proyectos,<\/p>\n<p style=\"text-align: center;\">responsabilidades y servicios<\/p>\n<p style=\"text-align: center;\">como ligero equipaje del alma,<\/p>\n<p style=\"text-align: center;\"><i>-Te adoramos, Se\u00f1or!<\/i><\/p>\n<p style=\"text-align: center;\">Por el cielo tachonado de estrellas<\/p>\n<p style=\"text-align: center;\">bajo el que ha puesto su tienda el Amor;<\/p>\n<p style=\"text-align: center;\">por el hospedaje que pide<\/p>\n<p style=\"text-align: center;\">en el coraz\u00f3n sereno del hogar,<\/p>\n<p style=\"text-align: center;\">en el apret\u00f3n de manos del amigo,<\/p>\n<p style=\"text-align: center;\">en las palomas libres del saludo,<\/p>\n<p style=\"text-align: center;\">en la mirada clara y serena,<\/p>\n<p style=\"text-align: center;\">en las buenas noticias de cada d\u00eda<\/p>\n<p style=\"text-align: center;\">y en las abundantes razones de vivir,<\/p>\n<p style=\"text-align: center;\"><i>-Te alabamos, Se\u00f1or<\/i><\/p>\n<p style=\"text-align: center;\">Por la presencia de Dios Amor en nuestra vida,<\/p>\n<p style=\"text-align: center;\">en el trabajo de nuestras manos;<\/p>\n<p style=\"text-align: center;\">en todo lo que hay de nuevo<\/p>\n<p style=\"text-align: center;\">en la paz de las familias unidas,<\/p>\n<p style=\"text-align: center;\">en el cansancio de nuestros cuerpos,<\/p>\n<p style=\"text-align: center;\">en el paso de las estaciones,<\/p>\n<p style=\"text-align: center;\">en el rumor de los cantos&#8230;.<\/p>\n<p style=\"text-align: center;\"><i>-Te bendecimos, te adoramos, <\/i><\/p>\n<p style=\"text-align: center;\"><i>te darnos gracias!<\/i><\/p>\n<p align=\"CENTER\"><b>II<\/b><\/p>\n<p align=\"CENTER\"><b>Jes\u00fas de Nazaret, mi Se\u00f1or<\/b><\/p>\n<p align=\"CENTER\"><b>Se\u00f1or Jesucristo, mi Se\u00f1or<\/b><\/p>\n<p style=\"text-align: center;\">MAESTRO entre los DISCIPULOS,<\/p>\n<p style=\"text-align: center;\">AMIGO, entre los AMIGOS,<\/p>\n<p style=\"text-align: center;\">DIOS, entre los HOMBRES.<\/p>\n<p style=\"text-align: center;\">Como los doce, estamos en oraci\u00f3n puestos nuestros ojos en TI, y te suplicamos:<\/p>\n<p style=\"text-align: center;\"><b>prepara <\/b>nuestra tierra,<\/p>\n<p style=\"text-align: center;\"><b>renueva <\/b>los surcos de nuestro coraz\u00f3n,<\/p>\n<p style=\"text-align: center;\"><b>deja caer <\/b><i><b>tu<\/b><\/i><i> <\/i><i><b>lluvia<\/b><\/i><b> <\/b>sobre nuestra sequ\u00eda,<\/p>\n<p style=\"text-align: center;\">aparta las piedras y las durezas pesadas del camino.<\/p>\n<p style=\"text-align: center;\">HAZNOS:<\/p>\n<p style=\"text-align: center;\">tierra permeable,<\/p>\n<p style=\"text-align: center;\">mullida y abierta a tu voluntad,<\/p>\n<p style=\"text-align: center;\">DONDE pueda brotar la ESPERANZA, DONDE se pueda recoger ALEGRIA,<\/p>\n<p style=\"text-align: center;\">DONDE pueda detenerse<\/p>\n<p style=\"text-align: center;\">el JOVEN que empieza a vivir,<\/p>\n<p style=\"text-align: center;\">el VIAJERO, cansado de \u2026..<\/p>\n<p style=\"text-align: center;\">el que BUSCA<\/p>\n<p style=\"text-align: center;\">y el que DESESPERA,<\/p>\n<p style=\"text-align: center;\">y tambi\u00e9n el que se acerca al final del camino<\/p>\n<p style=\"text-align: center;\"><b>Padre nuestro<\/b><\/p>\n<p style=\"text-align: center;\"><b>Dios te salve Mar\u00eda<\/b><\/p>\n<p align=\"CENTER\"><b>III<\/b><\/p>\n<p align=\"CENTER\"><b>Al Atardecer del Nuevo D\u00eda<\/b><\/p>\n<p align=\"CENTER\"><b>da Gracias a Dios<\/b><\/p>\n<p style=\"text-align: center;\">Es bueno darte gracias, Se\u00f1or, de coraz\u00f3n,<\/p>\n<p style=\"text-align: center;\">y cantarte con gozo cada d\u00eda.<\/p>\n<p style=\"text-align: center;\">Es bueno proclamar por la ma\u00f1ana tu lealtad<\/p>\n<p style=\"text-align: center;\">y por la noche decirte de verdad que me has querido.<\/p>\n<p style=\"text-align: center;\">Es bueno decir que tus acciones, Se\u00f1or,<\/p>\n<p style=\"text-align: center;\">son mi alegr\u00eda y mi esperanza.<\/p>\n<p style=\"text-align: center;\">Es bueno decirte que las obras le tus manos<\/p>\n<p style=\"text-align: center;\">son j\u00fabilo y fiesta para m\u00ed.<\/p>\n<p style=\"text-align: center;\">Te doy gracias y me alegro por el don maravilloso de la vida.<\/p>\n<p style=\"text-align: center;\">Te doy gracias y me alegro por el don entra\u00f1able del bautismo.<\/p>\n<p style=\"text-align: center;\">Te doy gracias y me alegro por el don precioso de tu Esp\u00edritu.<\/p>\n<p style=\"text-align: center;\">Te doy gracias y me alegro por el don precioso de tu Palabra.<\/p>\n<p style=\"text-align: center;\">Te doy gracias y me alegro por el don \u00fanico de tu Pan de vida.<\/p>\n<p style=\"text-align: center;\">Qu\u00e9 grandes son tus obras, Se\u00f1or.<\/p>\n<p style=\"text-align: center;\">Qu\u00e9 profundos son tus designios.<\/p>\n<p style=\"text-align: center;\">Qu\u00e9 grandes son tus proyectos para nosotros.<\/p>\n<p style=\"text-align: center;\">Qu\u00e9 profundos son tus deseos para el que te busca.<\/p>\n<p style=\"text-align: center;\">Es bello, Se\u00f1or, vivir siendo t\u00fa el centro de mi vida.<\/p>\n<p style=\"text-align: center;\">Es bello, Se\u00f1or, saber que t\u00fa eres el Se\u00f1or de mi vida.<\/p>\n<p style=\"text-align: center;\">Muchos no te conocen, Se\u00f1or, y me da pena<\/p>\n<p style=\"text-align: center;\">que pongan su vida en cosas que se acaban.<\/p>\n<p style=\"text-align: center;\">Muchos no saben que t\u00fa eres Padre<\/p>\n<p style=\"text-align: center;\">y que nos quieres a todos con ternura.<\/p>\n<p style=\"text-align: center;\">T\u00fa eres grande para siempre.<\/p>\n<p style=\"text-align: center;\">Tu amor me inunda v me hace feliz.<\/p>\n<p style=\"text-align: center;\">El hombre honrado florecer\u00e1 como palmera,<\/p>\n<p style=\"text-align: center;\">se abrir\u00e1 como un trigal fecundo,<\/p>\n<p style=\"text-align: center;\">siempre tendr\u00e1 el fruto a mano y su vida ante ti, Se\u00f1or, ser\u00e1 preciosa.<\/p>\n<p style=\"text-align: center;\">Es bueno darte gracias, Se\u00f1or, y cantarte de gozo cada d\u00eda.<\/p>\n<p style=\"text-align: center;\">Es bueno abrir el coraz\u00f3n de par en par<\/p>\n<p style=\"text-align: center;\">y dejar que tu luz inunde de tu paz toda la vida.<\/p>\n<p lang=\"es-ES\" align=\"CENTER\"><b>IV<\/b><\/p>\n<p lang=\"es-ES\" align=\"CENTER\"><b>Se\u00f1or, mi alma quiere verte<\/b><\/p>\n<p style=\"text-align: center;\"><b>Salmista:<\/b><\/p>\n<p style=\"text-align: center;\"><b>Mi alma tiene sed de Dios, del Dios vivo <\/b><\/p>\n<p style=\"text-align: center;\"><b>\u00bfCu\u00e1ndo entrar\u00e9 a ver el rostro de Dios?<\/b><\/p>\n<p style=\"text-align: center;\"><span lang=\"es-ES\"><b>Asamblea<\/b><\/span><span lang=\"es-ES\">:<\/span><\/p>\n<p style=\"text-align: center;\">En nuestra ni\u00f1ez te alab\u00e1bamos con sencillez,<\/p>\n<p style=\"text-align: center;\">habl\u00e1bamos contigo sin dudar que nos escuchases,<\/p>\n<p style=\"text-align: center;\">te d\u00e1bamos gracias por cuanto recib\u00edamos de Ti.<\/p>\n<p style=\"text-align: center;\">Ha pasado el tiempo, hemos llegado a ser ancianos,<\/p>\n<p style=\"text-align: center;\">crecen las dificultades y a veces dudamos de Ti:<\/p>\n<p style=\"text-align: center;\">pero T\u00fa sigues siendo el mismo.<\/p>\n<p style=\"text-align: center;\">Y muy dentro de cada una nos invitas a esperar:<\/p>\n<p style=\"text-align: center;\">un d\u00eda \u00a1seguro! llegaremos a ver tu rostro.<\/p>\n<p style=\"text-align: center;\"><b>Salmista<\/b><\/p>\n<p style=\"text-align: center;\"><b>Env\u00eda tu luz y tu verdad,<\/b><\/p>\n<p style=\"text-align: center;\"><b>que ellas me gu\u00eden y me conduzcan<\/b><\/p>\n<p style=\"text-align: center;\"><b>hasta tu monte santo, hasta tu morada.<\/b><\/p>\n<p style=\"text-align: center;\">Asamblea:<\/p>\n<p style=\"text-align: center;\">No me olvides, Se\u00f1or, en medio de mis dudas, y mi fragilidad.<\/p>\n<p style=\"text-align: center;\">No permitas que me sienta desorientado y sediento.<\/p>\n<p style=\"text-align: center;\">Tu eres camino verdad y vida.<\/p>\n<p style=\"text-align: center;\"><b>Salmista<\/b><\/p>\n<p style=\"text-align: center;\"><b>Que yo me acerque al altar de Dios, al Dios de mi alegr\u00eda; <\/b><\/p>\n<p style=\"text-align: center;\"><b>que te de gracias al son de la c\u00edtara, <\/b><\/p>\n<p style=\"text-align: center;\"><b>Dios, Dios m\u00edo.<\/b><\/p>\n<p style=\"text-align: center;\">Asamblea:<\/p>\n<p style=\"text-align: center;\">Es a Ti, Se\u00f1or, a quien quiero seguir.<\/p>\n<p style=\"text-align: center;\">Te doy gracias, porque sin verte, se que me amas.<\/p>\n<p style=\"text-align: center;\"><span lang=\"es-ES\">Esperamos que, fieles a tu promesa, <\/span><\/p>\n<p style=\"text-align: center;\"><span lang=\"es-ES\">un d\u00eda estaremos contigo. Am\u00e9n<\/span><\/p>\n<p style=\"text-align: center;\">\n<hr\/>\n<h2 style=\"text-align: center;\">Virgen Mar\u00eda, Inmaculada en tu Concepci\u00f3n y Asunta al cielo<br \/>\n\u00a1ven con nosotros!<\/h2>\n<p>A ti te invocamos como:<br \/>\nNuestra Se\u00f1ora de la Paz. Bel\u00e9n. Tierra Santa<br \/>\nNuestra Se\u00f1ora del Monte Carmelo. Carmelitas<br \/>\nNuestra Se\u00f1ora de Guadalupe. M\u00e9xico<br \/>\nNuestra Se\u00f1ora del Pilar. Zaragoza. Espa\u00f1a<br \/>\nNuestra Se\u00f1ora de F\u00e1tima. Portugal<br \/>\nNuestra Se\u00f1ora de Lourdes. Francia<br \/>\nNuestra Se\u00f1ora de Luj\u00e1n. Argentina<br \/>\nNuestra Se\u00f1ora de Medjugorje. Bosnia y Herzegovina<br \/>\nNuestra Se\u00f1ora de Loreto. Italia<br \/>\nNuestra Se\u00f1ora Aparecida. Brasil<br \/>\nNuestra Se\u00f1ora de Coromoto. Venezuela<br \/>\nNuestra Se\u00f1ora de la Caridad del Cobre. Cuba<br \/>\nNuestra Se\u00f1ora de la Salud. India<br \/>\nNuestra Se\u00f1ora de \u00c1frica. Argelia<br \/>\nNuestra Se\u00f1ora de Cz\u0119stochowa. Polonia<br \/>\nSanta Mar\u00eda de S\u00eddney. S\u00eddney Australia<br \/>\nNuestra Se\u00f1ora de La Vang. Vietnam<br \/>\nNuestra Se\u00f1ora de Knock. Irlanda<br \/>\nNuestra Se\u00f1ora de Mariazell. Austria<br \/>\nNuestra Se\u00f1ora de She Shan. China<br \/>\n*<br \/>\nSanta Mar\u00eda de la Esperanza Macarena. Sevilla<br \/>\nNuestra Se\u00f1ora del Roc\u00edo. Ermita del Roc\u00edo (Huelva)<br \/>\nSanta Mar\u00eda la Real de Covadonga (Cangas de On\u00eds)<br \/>\nNuestra Se\u00f1ora de la Candelaria (Tenerife, Canarias)<br \/>\nNuestra Se\u00f1ora de los Desamparados (Valencia)<br \/>\nNuestra Se\u00f1ora de Montserrat (Barcelona)<br \/>\nVirgen de la Cabeza, And\u00fajar, Ja\u00e9n<br \/>\nVirgen del Camino. Le\u00f3n<br \/>\nNuestra Se\u00f1ora de Loyola \/ Loiolako Santuteria, Azpeitia, Guip\u00fazcoa<br \/>\nNuestra Se\u00f1ora de Gu\u00e1yente. Benasque, Huesca<br \/>\nNuestra Se\u00f1ora de Torrecuidad. Secastilla, Huesca<br \/>\nNuestra Se\u00f1ora del Acebo, Cangas del Narcea, Asturias<br \/>\nSanta Mar\u00eda de Arantzazu, Guipuzkoa<br \/>\nNuestra Se\u00f1ora de la Esperanza, Calasparra, Murcia<br \/>\nNuestra Se\u00f1ora de Valbanera, La Rioja<br \/>\n*<br \/>\nVirgen Mar\u00eda auxilio de los cristianos. Granada<br \/>\nVirgen Mar\u00eda, salud de los enfermos. PP Camilos<br \/>\nVirgen Mar\u00eda de los Milagros. Agreda, Soria<br \/>\nVirgen de Inodejo. Las Fraguas, Soria<br \/>\nVirgen del Socorro. PP Agustinos<br \/>\nVirgen Mar\u00eda de la Cinta. Huelva<br \/>\nVirgen Mar\u00eda del Milagro. Roma<br \/>\nVirgen Mar\u00eda de la Soledad. M\u00e9rida-Badajoz<br \/>\nVirgen Mar\u00eda en su Inmaculado coraz\u00f3n. PP Redentoristas<br \/>\nVirgen Mar\u00eda del Rosario. PP Dominicos<br \/>\nVirgen Mar\u00eda al pie de la cruz. Servitas Valencia<br \/>\nVirgen Mar\u00eda del Puerto. Plasencia<br \/>\nVirgen Mar\u00eda de Alarcos. Ciudad Real<br \/>\nVirgen Mar\u00eda, Imagen y madre de la Iglesia<br \/>\nVirgen Mar\u00eda del Perpetuo socorro. PP Redentoristas<br \/>\nVirgen Mar\u00eda de la Salud. Barbatona, Sig\u00fcenza (Gu)<br \/>\nVirgen Mar\u00eda de la Almudena. Madrid<\/p>\n<p><img loading=\"lazy\" decoding=\"async\" class=\"aligncenter size-full wp-image-4207\" src=\"https:\/\/oracion.netytec.com\/wp-content\/uploads\/2018\/03\/betania.jpg\" alt=\"betania\" width=\"335\" height=\"413\" srcset=\"https:\/\/oracion.netytec.com\/wp-content\/uploads\/2018\/03\/betania.jpg 335w, https:\/\/oracion.netytec.com\/wp-content\/uploads\/2018\/03\/betania-243x300.jpg 243w\" sizes=\"(max-width: 335px) 100vw, 335px\" \/><\/p>\n<p style=\"text-align: center;\">\u00a1H\u00e1gase en m\u00ed seg\u00fan tu palabra!, Am\u00e9n<\/p>\n","protected":false},"excerpt":{"rendered":"<p>Visita a los enfermos Todos los cristianos, participando en la solicitud y amor de Cristo y de su iglesia a los enfermos (y de todos los que sufren) deben preocuparse con gran esmero de los enfermos y visitarlos en su&hellip; <\/p>\n","protected":false},"author":1,"featured_media":0,"parent":0,"menu_order":0,"comment_status":"closed","ping_status":"closed","template":"","meta":{"_monsterinsights_skip_tracking":false,"_monsterinsights_sitenote_active":false,"_monsterinsights_sitenote_note":"","_monsterinsights_sitenote_category":0,"footnotes":""},"class_list":["post-3180","page","type-page","status-publish","hentry"],"_links":{"self":[{"href":"https:\/\/oracion.netytec.com\/index.php?rest_route=\/wp\/v2\/pages\/3180"}],"collection":[{"href":"https:\/\/oracion.netytec.com\/index.php?rest_route=\/wp\/v2\/pages"}],"about":[{"href":"https:\/\/oracion.netytec.com\/index.php?rest_route=\/wp\/v2\/types\/page"}],"author":[{"embeddable":true,"href":"https:\/\/oracion.netytec.com\/index.php?rest_route=\/wp\/v2\/users\/1"}],"replies":[{"embeddable":true,"href":"https:\/\/oracion.netytec.com\/index.php?rest_route=%2Fwp%2Fv2%2Fcomments&post=3180"}],"version-history":[{"count":10,"href":"https:\/\/oracion.netytec.com\/index.php?rest_route=\/wp\/v2\/pages\/3180\/revisions"}],"predecessor-version":[{"id":4209,"href":"https:\/\/oracion.netytec.com\/index.php?rest_route=\/wp\/v2\/pages\/3180\/revisions\/4209"}],"wp:attachment":[{"href":"https:\/\/oracion.netytec.com\/index.php?rest_route=%2Fwp%2Fv2%2Fmedia&parent=3180"}],"curies":[{"name":"wp","href":"https:\/\/api.w.org\/{rel}","templated":true}]}}