{"id":4160,"date":"2019-05-27T09:35:38","date_gmt":"2019-05-27T08:35:38","guid":{"rendered":"http:\/\/oracion.netytec.com\/?page_id=4160"},"modified":"2019-08-21T17:26:59","modified_gmt":"2019-08-21T16:26:59","slug":"el-enfermo-ora-al-senor-por-su-propia-salud","status":"publish","type":"page","link":"https:\/\/oracion.netytec.com\/?page_id=4160","title":{"rendered":"El enfermo ora al Se\u00f1or por su propia salud"},"content":{"rendered":"<p><img loading=\"lazy\" decoding=\"async\" class=\"aligncenter wp-image-4161 size-large\" src=\"https:\/\/oracion.netytec.com\/wp-content\/uploads\/2019\/05\/oracion1-1024x576.jpg\" alt=\"oracion1\" width=\"642\" height=\"361\" srcset=\"https:\/\/oracion.netytec.com\/wp-content\/uploads\/2019\/05\/oracion1-1024x576.jpg 1024w, https:\/\/oracion.netytec.com\/wp-content\/uploads\/2019\/05\/oracion1-300x169.jpg 300w, https:\/\/oracion.netytec.com\/wp-content\/uploads\/2019\/05\/oracion1-768x432.jpg 768w, https:\/\/oracion.netytec.com\/wp-content\/uploads\/2019\/05\/oracion1.jpg 1920w\" sizes=\"(max-width: 642px) 100vw, 642px\" \/><\/p>\n<h3 style=\"text-align: center;\"><span style=\"color: #ff0000;\">En este tiempo de enfermedad<\/span><\/h3>\n<h3 style=\"text-align: center;\">[ y de hospital ]<\/h3>\n<h3 style=\"text-align: center;\"><span style=\"color: #ff0000;\">a t\u00ed Se\u00f1or \u00a1levanto mis ojos!<\/span><\/h3>\n<p style=\"text-align: left;\">V\/ Dios m\u00edo ven en mi auxilio<br \/>\nR\/ Se\u00f1or date priesa en socorrerme<br \/>\nGloria al Padre y al Hijo y al Esp\u00edritu Santo\u2026<\/p>\n<h4 style=\"text-align: center;\">I<br \/>\nSe\u00f1or tu me conoces, ati\u00e9ndeme<\/h4>\n<p style=\"text-align: left;\"><strong>Inicio Salmo, 139<\/strong><\/p>\n<p style=\"text-align: left;\">Se\u00f1or, t\u00fa me escrutas y conoces;<br \/>\nsabes cu\u00e1ndo me siento y cu\u00e1ndo me levanto,<br \/>\nmi pensamiento conoces desde lejos;<br \/>\nest\u00e9 yo en camino o acostado,<br \/>\nt\u00fa lo adviertes, todas mis sendas te son familiares.<br \/>\n<strong>Tu Se\u00f1or sabes c\u00f3mo est\u00e1 mi \u00e1nimo ahora\u2026<\/strong><\/p>\n<h4 style=\"text-align: center;\">Se\u00f1or atiende a mi s\u00faplica<\/h4>\n<p style=\"text-align: left;\"><strong>Inicio Salmo 5.<\/strong><\/p>\n<p style=\"text-align: left;\">Se\u00f1or, escucha mis palabras,<br \/>\natiende a mi s\u00faplica,<br \/>\nhaz caso de mis gritos de auxilio,<br \/>\nRey m\u00edo y Dios m\u00edo.<br \/>\nA ti te suplico, Se\u00f1or:<br \/>\npor la ma\u00f1ana te expongo mi causa,<br \/>\ny me quedo aguardando.<br \/>\nQue mi coraz\u00f3n se alegre<br \/>\ncon los que se acogen a Ti.<br \/>\n\u00a1Prot\u00e9geme!<br \/>\nporque t\u00fa, Se\u00f1or, bendices al justo,<br \/>\ny como un escudo lo rodea tu favor.<br \/>\n<span style=\"color: #ff0000;\"><strong>En mi enfermedad, Se\u00f1or yo me acojo a ti, <\/strong><\/span><br \/>\n<span style=\"color: #ff0000;\"> <strong>y descanso en ti.<\/strong><\/span><\/p>\n<h4 style=\"text-align: center;\">Espera en el Se\u00f1or<\/h4>\n<p><strong>Salmo 26<\/strong><\/p>\n<p>El Se\u00f1or es mi luz y mi salvaci\u00f3n.<br \/>\n\u00bfA quien temer\u00e9?<br \/>\nEl Se\u00f1or es la defensa de mi vida<br \/>\n\u00bfQui\u00e9n me har\u00e1 temblar?<br \/>\nEspero gozar de la dicha del Se\u00f1or<br \/>\nen el pa\u00eds de la vida.<\/p>\n<p><span style=\"color: #33cccc;\"><strong>Espera en el Se\u00f1or,<\/strong><\/span><br \/>\n<span style=\"color: #33cccc;\"><strong> se valiente,<\/strong><\/span><br \/>\n<span style=\"color: #33cccc;\"><strong> Ten \u00e1nimo,<\/strong><\/span><br \/>\n<span style=\"color: #33cccc;\"><strong> espera en el Se\u00f1or.<\/strong><\/span><\/p>\n<h4 style=\"text-align: center;\">II<br \/>\nCon la intercesi\u00f3n de la Virgen del Carmen<\/h4>\n<p style=\"text-align: center;\"><strong>Madre de la Iglesia y madre de todos los cristianos.<\/strong><\/p>\n<p style=\"text-align: center;\"><span style=\"color: #33cccc;\"><strong>Virgen Mar\u00eda<\/strong><\/span><\/p>\n<p style=\"text-align: center;\"><strong>\u201cTengo mil dificultades:<\/strong><\/p>\n<p style=\"text-align: center;\"><span style=\"color: #33cccc;\"><strong>ay\u00fadame<\/strong><\/span><\/p>\n<p style=\"text-align: center;\"><strong>De los enemigos del alma:<\/strong><\/p>\n<p style=\"text-align: center;\"><span style=\"color: #33cccc;\"><strong>s\u00e1lvame<\/strong><\/span><\/p>\n<p style=\"text-align: center;\"><strong>En mis desaciertos:<\/strong><\/p>\n<p style=\"text-align: center;\"><span style=\"color: #33cccc;\"><strong>ilum\u00edname<\/strong><\/span><\/p>\n<p style=\"text-align: center;\"><strong>En mis dudas y penas:<\/strong><\/p>\n<p style=\"text-align: center;\"><span style=\"color: #33cccc;\"><strong>conf\u00f3rtame<\/strong><\/span><\/p>\n<p style=\"text-align: center;\"><strong>En mis enfermedades:<\/strong><\/p>\n<p style=\"text-align: center;\"><span style=\"color: #33cccc;\"><strong>fortal\u00e9ceme<\/strong><\/span><\/p>\n<p style=\"text-align: center;\"><strong>Cuando me desprecien:<\/strong><\/p>\n<p style=\"text-align: center;\"><span style=\"color: #33cccc;\"><strong>an\u00edmame<\/strong><\/span><\/p>\n<p style=\"text-align: center;\"><strong>En las tentaciones:<\/strong><\/p>\n<p style=\"text-align: center;\"><span style=\"color: #33cccc;\"><strong>defi\u00e9ndeme<\/strong><\/span><\/p>\n<p style=\"text-align: center;\"><strong>En horas dif\u00edciles:<\/strong><\/p>\n<p style=\"text-align: center;\"><span style=\"color: #33cccc;\"><strong>consu\u00e9lame<\/strong><\/span><\/p>\n<p style=\"text-align: center;\"><strong>Con tu coraz\u00f3n maternal:<\/strong><\/p>\n<p style=\"text-align: center;\"><span style=\"color: #33cccc;\"><strong>\u00e1mame<\/strong><\/span><\/p>\n<p style=\"text-align: center;\"><strong>Con tu inmenso poder:<\/strong><\/p>\n<p style=\"text-align: center;\"><span style=\"color: #33cccc;\"><strong>prot\u00e9geme<\/strong><\/span><\/p>\n<p style=\"text-align: center;\"><strong>Y en tus brazos de Madre al dejar este mundo:<\/strong><\/p>\n<p style=\"text-align: center;\"><span style=\"color: #33cccc;\"><strong>Rec\u00edbeme.<br \/>\n*<\/strong><\/span><\/p>\n<p>Dios te salve mar\u00eda llena eres de gracia el Se\u00f1or est\u00e1 contigo\u2026<\/p>\n<h4 style=\"text-align: center;\">III<\/h4>\n<h4 style=\"text-align: center;\">Se\u00f1or quiero escuchar \u00a1que me amas!<\/h4>\n<p style=\"text-align: center;\"><span style=\"color: #0000ff;\">Escucha de I Cor 13, 4-8; 12.l<\/span><br \/>\n<span style=\"color: #0000ff;\"> en primera persona<\/span><\/p>\n<p><span style=\"color: #ff0000;\">Dios es amor y me ama a m\u00ed en mi dolor,<\/span><br \/>\n<span style=\"color: #ff0000;\"> es \u201ctodo\u201d bondad con la historia de mi vida:<\/span><br \/>\n<span style=\"color: #ff0000;\"> la recibe sin compararla con nadie, sin envidia,<\/span><br \/>\n<span style=\"color: #ff0000;\"> sin jactarse de mi debilidad.<\/span><br \/>\n<span style=\"color: #ff0000;\"> No lleva cuentas del mal que he hecho.<\/span><br \/>\n<span style=\"color: #ff0000;\"> Siempre me ofrece su amor en el perd\u00f3n cuando yo lo busco.<\/span><br \/>\n<span style=\"color: #ff0000;\"> Como Padre que quiere a sus hijos,<\/span><br \/>\n<span style=\"color: #ff0000;\"> acepta toda mi vida.<\/span><br \/>\n<span style=\"color: #ff0000;\"> Todo lo sufre por m\u00ed,<\/span><br \/>\n<span style=\"color: #ff0000;\"> todo lo cree,<\/span><br \/>\n<span style=\"color: #ff0000;\"> todo lo espera,<\/span><br \/>\n<span style=\"color: #ff0000;\"> todo lo soporta.<\/span><br \/>\n<span style=\"color: #ff0000;\"> siempre permanece en la verdad que me ha mostrado en su Hijo Jesucristo, muerto y resucitado para mi bien.<\/span><br \/>\n<span style=\"color: #ff0000;\"> En mi salud y en mi enfermedad:<\/span><br \/>\n<span style=\"color: #ff0000;\"> Lo m\u00e1s importante: que Dios me ama.<\/span><\/p>\n<p><span style=\"color: #33cccc;\">[Canto: Alma de Cristo santif\u00edcame. M Lee]<\/span><\/p>\n<h4 style=\"text-align: center;\">IV<br \/>\nMirada serena al dolor desde tu coraz\u00f3n<\/h4>\n<p style=\"text-align: center;\"><span style=\"color: #ff0000;\"><strong>Primera semana<\/strong><\/span><\/p>\n<p><strong>1<\/strong><br \/>\nEn medio de mi enfermedad yo te amor Se\u00f1or Jesucristo con todo mi coraz\u00f3n:<br \/>\n\u00a1Prot\u00e9geme Dios m\u00edo, que me refugio en ti!<br \/>\n<strong>2<\/strong><br \/>\nEn mi enfermedad \u00a1Se\u00f1or!, miro tu cruz y se que has vencido todos los males de este mundo.<br \/>\n\u00a1dame valor! Para soportar mi enfermedad.<br \/>\n<strong>3<\/strong><br \/>\nGu\u00edame Se\u00f1or en mi enfermedad hasta la verdad plena con la luz de tu santo Esp\u00edritu.<br \/>\n\u00bfQu\u00e9 quieres de mi Se\u00f1or?<br \/>\n<strong>4<\/strong><br \/>\nSe\u00f1or Jesucristo, m\u00e1s all\u00e1 de mi dolor, y mi precariedad te pido:<br \/>\n\u00a1conc\u00e9deme ver la luz de tu Pascua!<\/p>\n<p style=\"text-align: center;\"><span style=\"color: #ff0000;\">A modo de conclusi\u00f3n:<\/span><\/p>\n<p>A ti, Se\u00f1or Jesucristo, me acojo. T\u00fa que eres justo, l\u00edbrame y ponme a salvo.<br \/>\nCon mi salud \u201crota\u201d aqu\u00ed estoy \u00a1Env\u00edame!<br \/>\nY siempre \u00a1h\u00e1gase tu voluntad!<br \/>\n*<br \/>\n<strong> \u00bfCrees t\u00fa en el Hijo del Hombre?\u00bb<\/strong><\/p>\n<p><strong>\u00c9l contest\u00f3:<\/strong><br \/>\n<strong> \u00ab\u00bfY qui\u00e9n es, Se\u00f1or, para que crea en \u00e9l?\u00bb<\/strong><br \/>\n<strong> Jes\u00fas le dijo:<\/strong><br \/>\n<strong> \u00abLo est\u00e1s viendo: el que te est\u00e1 hablando, \u00e9se es.\u00bb<\/strong><br \/>\n<strong> \u00c9l dijo:<\/strong><br \/>\n<strong> \u00abCreo, Se\u00f1or.\u00bb Y se postr\u00f3 ante \u00e9l.<\/strong><br \/>\n(Ciego de nacimiento. Juan 9,1.6-9.13-17.34-38)<\/p>\n<h4 style=\"text-align: center;\">V<br \/>\nLa enfermedad:<br \/>\nTiempo de desierto y de tentaci\u00f3n<br \/>\n*<br \/>\nJes\u00fas tentado por el diablo en el desierto<\/h4>\n<p style=\"text-align: center;\">(Mc. 1.12-13; Lc. 4.1-13)<\/p>\n<p>-Si eres Hijo de Dios, di que estas piedras se conviertan en pan.<br \/>\nEl respondi\u00f3 y dijo: Escrito est\u00e1:<strong> No s\u00f3lo de pan vivir\u00e1 el hombre, sino de toda palabra que sale de la boca de Dios.<\/strong><\/p>\n<p>-Entonces el diablo le llev\u00f3 a la santa ciudad, y le puso sobre el pin\u00e1culo del templo, y le dijo: Si eres Hijo de Dios, \u00e9chate abajo; porque escrito est\u00e1: A sus \u00e1ngeles mandar\u00e1 acerca de ti, m y, en sus manos te sostendr\u00e1n, para que no tropieces con tu pie en piedra- Jes\u00fas le dijo: Escrito est\u00e1 tambi\u00e9n: <strong>No tentar\u00e1s al Se\u00f1or tu Dios.<\/strong><\/p>\n<p>-Otra vez le llev\u00f3 el diablo a un monte muy alto, y le mostr\u00f3 todos los reinos del mundo y la gloria de ellos, y le dijo: Todo esto te dar\u00e9, si postrado me adorares.<br \/>\nEntonces Jes\u00fas le dijo: Vete, Satan\u00e1s, porque escrito est\u00e1: <strong>Al Se\u00f1or tu Dios adorar\u00e1s, y a \u00e9l s\u00f3lo servir\u00e1s.<\/strong><\/p>\n<p><strong>El diablo entonces le dej\u00f3 y se march\u00f3 hasta otra ocasi\u00f3n.<\/strong><\/p>\n<h4 style=\"text-align: center;\">Tiempo de reconciliaci\u00f3n<\/h4>\n<h4 style=\"text-align: center;\">Examina tu conciencia y reconc\u00edliate<\/h4>\n<p>Yo confieso ante Dios Todopoderoso, y ante vosotros hermanos que he pecado mucho de pensamiento, palabra, obra y omisi\u00f3n. Por mi culpa, por mi culpa, por mi gran culpa.<br \/>\nPor eso ruego a Santa Mar\u00eda siempre Virgen, a los \u00e1ngeles, a los santos y a ustedes hermanos, que intercedan por m\u00ed ante Dios, Nuestro Se\u00f1or.<br \/>\n<strong>Am\u00e9n<\/strong>.<\/p>\n<p style=\"text-align: center;\"><span style=\"text-decoration: underline;\"><strong>\u00bfEst\u00e1 fr\u00e1gil tu cuerpo y d\u00e9bil tu esp\u00edritu?<\/strong><\/span><br \/>\n<span style=\"text-decoration: underline;\"><strong> Solicita el Sacramento de la Reconciliaci\u00f3n<\/strong><\/span><br \/>\n<span style=\"text-decoration: underline;\"><strong> y la comuni\u00f3n: Cristo Eucarist\u00eda<\/strong><\/span><br \/>\n<span style=\"text-decoration: underline;\"><strong> Te llenar\u00e1s de vigor y esperanza<\/strong><\/span><\/p>\n<h4 style=\"text-align: center;\">La enfermedad es tambi\u00e9n tiempo de creer<br \/>\nTiempo de hacer profesi\u00f3n de fe<\/h4>\n<p style=\"text-align: center;\">Rom 10, 8-13<\/p>\n<p>Hermanos: \u00bfQu\u00e9 dice la Escritura?<br \/>\n\u00abLa palabra est\u00e1 cerca de ti: la tienes en los labios y en el coraz\u00f3n\u00bb. Se refiere a la palabra de la fe que anunciamos. Porque, si profesas con tus labios que Jes\u00fas es Se\u00f1or, y crees con tu coraz\u00f3n que Dios lo resucit\u00f3 de entre los muertos, ser\u00e1s salvo.<br \/>\nPues con el coraz\u00f3n se cree para alcanzar la justicia, y con los labios se profesa para alcanzar la salvaci\u00f3n.<\/p>\n<p>Pues dice la Escritura:<br \/>\n\u00abNadie que cree en \u00e9l quedar\u00e1 defraudado\u00bb.<br \/>\nEn efecto, no hay distinci\u00f3n entre jud\u00edo y griego; porque uno mismo es el Se\u00f1or de todos, generoso con todos los que lo invocan, pues \u00abtodo el que invoque el nombre del Se\u00f1or ser\u00e1 salvo\u00bb.<\/p>\n<p style=\"text-align: center;\"><span style=\"text-decoration: underline;\">\u00bfEst\u00e1 fr\u00e1gil tu cuerpo y d\u00e9bil tu esp\u00edritu?<\/span><br \/>\n<strong><span style=\"text-decoration: underline;\"> Solicita el Sacramento de la Unci\u00f3n de enfermos y haz profesi\u00f3n de fe<\/span><\/strong><br \/>\n<span style=\"text-decoration: underline;\"> Te llenar\u00e1s de vigor y esperanza<\/span><\/p>\n<h4 style=\"text-align: center;\">Profesi\u00f3n de fe<\/h4>\n<p>Hago profesi\u00f3n de fe en Dios Trino, que en Jesucristo transform\u00f3 el dolor en salvaci\u00f3n, para m\u00ed y para cuantos enfermos creen en \u00e9l.<br \/>\n<strong>CREO<\/strong> que Dios a\u00f1adi\u00f3 al dolor de todo hombre designios de amor y de misericordia.<br \/>\n<strong>CREO<\/strong> que Cristo Nuestro Se\u00f1or ha transformado el dolor en camino de salvaci\u00f3n.<br \/>\n<strong>CREO<\/strong> que el dolor es para el alma el gran cooperador de la redenci\u00f3n y la santificaci\u00f3n.<br \/>\n<strong>CREO<\/strong> que Dios es amor y que, en sus manos, el dolor no es m\u00e1s que un medio de que se vale su amor para transformarnos y salvarnos y llevarnos a la vida eterna.<br \/>\n<strong>CREO<\/strong> en el amor de Dios que me salva en mi enfermedad.<br \/>\n<strong>CREO Y ESPERO EN LA VIDA ETERNA<\/strong>. Am\u00e9n<\/p>\n<h4 style=\"text-align: center;\">VI<br \/>\nEn esta hora de mi enfermedad<\/h4>\n<p style=\"text-align: center;\">Se\u00f1or prot\u00e9geme con tu bendici\u00f3n.<br \/>\nQue tu luz Ilumine m\u00ed rostro<br \/>\ny siempre goce de tu favor y de Paz.<br \/>\n<strong>Am\u00e9n<\/strong><\/p>\n<p style=\"text-align: center;\"><strong>Canto de Juan Pablo II \u00abtu has venido a la orilla\u00bb<\/strong><br \/>\n<a href=\"https:\/\/www.youtube.com\/watch?v=zQXYHa1rLIE\"><img loading=\"lazy\" decoding=\"async\" class=\"aligncenter wp-image-4170 size-full\" src=\"https:\/\/oracion.netytec.com\/wp-content\/uploads\/2019\/05\/juan-pablo.jpg\" alt=\"juan-pablo\" width=\"1246\" height=\"712\" srcset=\"https:\/\/oracion.netytec.com\/wp-content\/uploads\/2019\/05\/juan-pablo.jpg 1246w, https:\/\/oracion.netytec.com\/wp-content\/uploads\/2019\/05\/juan-pablo-300x171.jpg 300w, https:\/\/oracion.netytec.com\/wp-content\/uploads\/2019\/05\/juan-pablo-768x439.jpg 768w, https:\/\/oracion.netytec.com\/wp-content\/uploads\/2019\/05\/juan-pablo-1024x585.jpg 1024w\" sizes=\"(max-width: 1246px) 100vw, 1246px\" \/><\/a><\/p>\n","protected":false},"excerpt":{"rendered":"<p>En este tiempo de enfermedad [ y de hospital ] a t\u00ed Se\u00f1or \u00a1levanto mis ojos! V\/ Dios m\u00edo ven en mi auxilio R\/ Se\u00f1or date priesa en socorrerme Gloria al Padre y al Hijo y al Esp\u00edritu Santo\u2026 I&hellip; <\/p>\n","protected":false},"author":1,"featured_media":0,"parent":0,"menu_order":0,"comment_status":"closed","ping_status":"closed","template":"","meta":{"_monsterinsights_skip_tracking":false,"_monsterinsights_sitenote_active":false,"_monsterinsights_sitenote_note":"","_monsterinsights_sitenote_category":0,"footnotes":""},"class_list":["post-4160","page","type-page","status-publish","hentry"],"_links":{"self":[{"href":"https:\/\/oracion.netytec.com\/index.php?rest_route=\/wp\/v2\/pages\/4160"}],"collection":[{"href":"https:\/\/oracion.netytec.com\/index.php?rest_route=\/wp\/v2\/pages"}],"about":[{"href":"https:\/\/oracion.netytec.com\/index.php?rest_route=\/wp\/v2\/types\/page"}],"author":[{"embeddable":true,"href":"https:\/\/oracion.netytec.com\/index.php?rest_route=\/wp\/v2\/users\/1"}],"replies":[{"embeddable":true,"href":"https:\/\/oracion.netytec.com\/index.php?rest_route=%2Fwp%2Fv2%2Fcomments&post=4160"}],"version-history":[{"count":22,"href":"https:\/\/oracion.netytec.com\/index.php?rest_route=\/wp\/v2\/pages\/4160\/revisions"}],"predecessor-version":[{"id":4193,"href":"https:\/\/oracion.netytec.com\/index.php?rest_route=\/wp\/v2\/pages\/4160\/revisions\/4193"}],"wp:attachment":[{"href":"https:\/\/oracion.netytec.com\/index.php?rest_route=%2Fwp%2Fv2%2Fmedia&parent=4160"}],"curies":[{"name":"wp","href":"https:\/\/api.w.org\/{rel}","templated":true}]}}